{"id":122,"date":"2015-03-08T20:01:19","date_gmt":"2015-03-08T20:01:19","guid":{"rendered":"http:\/\/www.tolikhlav.cz\/?page_id=122"},"modified":"2019-01-07T08:39:50","modified_gmt":"2019-01-07T08:39:50","slug":"fotovideo","status":"publish","type":"page","link":"https:\/\/www.tolikhlav.cz\/?page_id=122","title":{"rendered":"Foto\/Video"},"content":{"rendered":"<h5 class=\"widget-title\">Videopozv\u00e1nka na\u00a0sezonu 2018\/2019<\/h5>\n<div class=\"su-vimeo su-u-responsive-media-yes\"><iframe loading=\"lazy\" width=\"1600\" height=\"300\" src=\"\/\/player.vimeo.com\/video\/289037877?title=0&amp;byline=0&amp;portrait=0&amp;color=ffffff&amp;autoplay=0&amp;dnt=0&amp;muted=0&amp;texttrack=\" frameborder=\"0\" allow=\"autoplay; fullscreen\" allowfullscreen title=\"\"><\/iframe><\/div>\n<h5 class=\"widget-title\">Videopozv\u00e1nka na p\u0159edstaven\u00ed 17.4.2018<\/h5>\n<p><iframe loading=\"lazy\" src=\"https:\/\/player.vimeo.com\/video\/259843996\" width=\"640\" height=\"360\" frameborder=\"0\" allowfullscreen=\"allowfullscreen\"><\/iframe><\/p>\n<h5 class=\"widget-title\">Videopozv\u00e1nka na\u00a0sezonu 2016\/2017<\/h5>\n<p class=\"widget-title\"><div class=\"su-vimeo su-u-responsive-media-yes\"><iframe loading=\"lazy\" width=\"1600\" height=\"300\" src=\"\/\/player.vimeo.com\/video\/181376874?title=0&amp;byline=0&amp;portrait=0&amp;color=ffffff&amp;autoplay=0&amp;dnt=0&amp;muted=0&amp;texttrack=\" frameborder=\"0\" allow=\"autoplay; fullscreen\" allowfullscreen title=\"\"><\/iframe><\/div>\n<h5 class=\"widget-title\"><\/h5>\n<hr \/>\n<h5 class=\"widget-title\">Videopozv\u00e1nka na p\u0159edstaven\u00ed 17.4.2017 \u010d.1<\/h5>\n<div class=\"fb-video\" data-href=\"https:\/\/www.facebook.com\/tolikhlav\/videos\/1289706561120110\/\" data-width=\"500\" data-show-text=\"false\">\n<div class=\"fb-xfbml-parse-ignore\">\n<blockquote cite=\"https:\/\/www.facebook.com\/tolikhlav\/videos\/1289706561120110\/\"><p><a href=\"https:\/\/www.facebook.com\/tolikhlav\/videos\/1289706561120110\/\">Videopozv\u00e1nka na p\u0159edstaven\u00ed 17.4.2017 \u010d.1<\/a>Zve\u0159ejnil(a) <a href=\"https:\/\/www.facebook.com\/tolikhlav\/\">TOLIK HLAV<\/a> dne 20. b\u0159ezen 2016<\/p><\/blockquote>\n<\/div>\n<\/div>\n<p>&nbsp;<\/p>\n<hr \/>\n<h5 class=\"widget-title\">Videopozv\u00e1nka na p\u0159edstaven\u00ed 17.4.2017 \u010d.2<\/h5>\n<div class=\"fb-video\" data-href=\"https:\/\/www.facebook.com\/tolikhlav\/videos\/1293821374041962\/\" data-width=\"500\" data-show-text=\"false\">\n<div class=\"fb-xfbml-parse-ignore\">\n<blockquote cite=\"https:\/\/www.facebook.com\/tolikhlav\/videos\/1293821374041962\/\"><p><a href=\"https:\/\/www.facebook.com\/tolikhlav\/videos\/1293821374041962\/\">Videopozv\u00e1nka na p\u0159edstaven\u00ed 17.4.2017 \u010d.2<\/a>Zve\u0159ejnil(a) <a href=\"https:\/\/www.facebook.com\/tolikhlav\/\">TOLIK HLAV<\/a> dne 20. b\u0159ezen 2016<\/p><\/blockquote>\n<\/div>\n<\/div>\n<p>&nbsp;<\/p>\n<hr \/>\n<h5 class=\"widget-title\">Videopozv\u00e1nka na p\u0159edstaven\u00ed 17.4.2017 \u010d.3<\/h5>\n<div class=\"fb-video\" data-href=\"https:\/\/www.facebook.com\/tolikhlav\/videos\/1293778830712883\/\" data-width=\"500\" data-show-text=\"false\">\n<div class=\"fb-xfbml-parse-ignore\">\n<blockquote cite=\"https:\/\/www.facebook.com\/tolikhlav\/videos\/1293778830712883\/\"><p><a href=\"https:\/\/www.facebook.com\/tolikhlav\/videos\/1293778830712883\/\">Videopozv\u00e1nka na p\u0159edstaven\u00ed 17.4.2017 \u010d.3<\/a>Zve\u0159ejnil(a) <a href=\"https:\/\/www.facebook.com\/tolikhlav\/\">TOLIK HLAV<\/a> dne 20. b\u0159ezen 2016<\/p><\/blockquote>\n<\/div>\n<\/div>\n<p>&nbsp;<\/p>\n<hr \/>\n<h5>Videopozv\u00e1nka Kv\u011bten 2016<\/h5>\n<div class=\"fb-video\" data-href=\"https:\/\/www.facebook.com\/tolikhlav\/videos\/1028433917247377\/\" data-width=\"500\" data-show-text=\"false\">\n<div class=\"fb-xfbml-parse-ignore\">\n<blockquote cite=\"https:\/\/www.facebook.com\/tolikhlav\/videos\/1028433917247377\/\"><p><a href=\"https:\/\/www.facebook.com\/tolikhlav\/videos\/1028433917247377\/\">Bar\u00e1\u010dnick\u00fd rychta zav\u00edr\u00e1, Kamil zve na posledn\u00ed p\u0159edstaven\u00ed<\/a>Zve\u0159ejnil(a) <a href=\"https:\/\/www.facebook.com\/tolikhlav\/\">TOLIK HLAV<\/a> dne 8. kv\u011bten 2016<\/p><\/blockquote>\n<\/div>\n<\/div>\n<p>&nbsp;<\/p>\n<hr \/>\n<h5>SLAV\u00cdME ROK OD PREMI\u00c9RY!<\/h5>\n<div class=\"fb-video\" data-href=\"https:\/\/www.facebook.com\/tolikhlav\/videos\/1008904542533648\/\" data-width=\"500\" data-show-text=\"false\">\n<div class=\"fb-xfbml-parse-ignore\">\n<blockquote cite=\"https:\/\/www.facebook.com\/tolikhlav\/videos\/1008904542533648\/\"><p><a href=\"https:\/\/www.facebook.com\/tolikhlav\/videos\/1008904542533648\/\">V\u00fdro\u010dn\u00ed pozv\u00e1nka na divadlo Kamila St\u0159ihavky!<\/a>SLAV\u00cdME ROK OD PREMI\u00c9RY! Pod\u00edvejte se na aktu\u00e1ln\u00ed pozv\u00e1nku v\u00fdro\u010dn\u00edch p\u0159edstaven\u00ed&#8230;<\/p>\n<p>Zve\u0159ejnil(a) <a href=\"https:\/\/www.facebook.com\/tolikhlav\/\">TOLIK HLAV<\/a> dne 6. duben 2016<\/p><\/blockquote>\n<\/div>\n<\/div>\n<p>&nbsp;<\/p>\n<hr \/>\n<h5>Report\u00e1\u017e TV Barrandov z premi\u00e9ry p\u0159edstaven\u00ed<\/h5>\n<div class=\"fb-video\" data-href=\"https:\/\/www.facebook.com\/tolikhlav\/videos\/851147291642708\/\" data-width=\"500\" data-show-text=\"false\">\n<div class=\"fb-xfbml-parse-ignore\">\n<blockquote cite=\"https:\/\/www.facebook.com\/tolikhlav\/videos\/851147291642708\/\"><p>Report\u00e1\u017e TV Barrandov z premi\u00e9ry p\u0159edstaven\u00ed!<\/p>\n<p>Zve\u0159ejnil(a) <a href=\"https:\/\/www.facebook.com\/tolikhlav\/\">TOLIK HLAV<\/a> dne 7. \u010derven 2015<\/p><\/blockquote>\n<\/div>\n<\/div>\n<p>&nbsp;<\/p>\n<hr \/>\n<h5>Videopozv\u00e1nka na sez\u00f3nu 2015\/2016<\/h5>\n<div class=\"su-youtube su-u-responsive-media-yes\"><iframe loading=\"lazy\" width=\"560\" height=\"400\" src=\"https:\/\/www.youtube.com\/embed\/rWtREkvsyWI?\" frameborder=\"0\" allowfullscreen allow=\"autoplay; encrypted-media; picture-in-picture\" title=\"\"><\/iframe><\/div>\n<hr \/>\n<h5>P\u0159id\u00e1v\u00e1me p\u0159edstaven\u00ed<\/h5>\n<p><iframe loading=\"lazy\" src=\"https:\/\/player.vimeo.com\/video\/260725925\" width=\"640\" height=\"360\" frameborder=\"0\" allowfullscreen=\"allowfullscreen\"><\/iframe><\/p>\n<hr \/>\n<h5>Official Teaser 2<\/h5>\n<p><iframe loading=\"lazy\" src=\"https:\/\/player.vimeo.com\/video\/260725110\" width=\"640\" height=\"564\" frameborder=\"0\" allowfullscreen=\"allowfullscreen\"><\/iframe><br \/>\nvideo: Adam Koller<\/p>\n<hr \/>\n<h5>Official Teaser 1<\/h5>\n<p><iframe loading=\"lazy\" src=\"https:\/\/player.vimeo.com\/video\/260725633\" width=\"640\" height=\"360\" frameborder=\"0\" allowfullscreen=\"allowfullscreen\"><\/iframe><br \/>\nvideo: Adam Koller<\/p>\n<hr \/>\n<h5>Tolik Hlav &#8211; premi\u00e9ra (z\u00e1v\u011bre\u010dn\u00e1 d\u011bkova\u010dka)<\/h5>\n<div class=\"su-youtube su-u-responsive-media-yes\"><iframe loading=\"lazy\" width=\"560\" height=\"400\" src=\"https:\/\/www.youtube.com\/embed\/6QsygTrFBB8?\" frameborder=\"0\" allowfullscreen allow=\"autoplay; encrypted-media; picture-in-picture\" title=\"\"><\/iframe><\/div>\n<hr \/>\n<h5>Pohled do z\u00e1kulis\u00ed<\/h5>\n<div class=\"su-youtube su-u-responsive-media-yes\"><iframe loading=\"lazy\" width=\"560\" height=\"400\" src=\"https:\/\/www.youtube.com\/embed\/NELM54j84ec?\" frameborder=\"0\" allowfullscreen allow=\"autoplay; encrypted-media; picture-in-picture\" title=\"\"><\/iframe><\/div>\n<hr \/>\n<h5>V\u00fdro\u010dn\u00ed p\u0159edstaven\u00ed<\/h5>\n<div id='gallery-1' class='gallery galleryid-122 gallery-columns-4 gallery-size-thumbnail'><figure class='gallery-item'>\n\t\t\t<div class='gallery-icon portrait'>\n\t\t\t\t<a href='https:\/\/www.tolikhlav.cz\/wp-content\/uploads\/2016\/05\/img_5824-1.png'><img loading=\"lazy\" decoding=\"async\" width=\"150\" height=\"150\" src=\"https:\/\/www.tolikhlav.cz\/wp-content\/uploads\/2016\/05\/img_5824-1-150x150.png\" class=\"attachment-thumbnail size-thumbnail\" alt=\"\" \/><\/a>\n\t\t\t<\/div><\/figure><figure class='gallery-item'>\n\t\t\t<div class='gallery-icon landscape'>\n\t\t\t\t<a href='https:\/\/www.tolikhlav.cz\/wp-content\/uploads\/2016\/05\/img_5822-2.png'><img loading=\"lazy\" decoding=\"async\" width=\"150\" height=\"150\" src=\"https:\/\/www.tolikhlav.cz\/wp-content\/uploads\/2016\/05\/img_5822-2-150x150.png\" class=\"attachment-thumbnail size-thumbnail\" alt=\"\" \/><\/a>\n\t\t\t<\/div><\/figure><figure class='gallery-item'>\n\t\t\t<div class='gallery-icon landscape'>\n\t\t\t\t<a href='https:\/\/www.tolikhlav.cz\/wp-content\/uploads\/2016\/05\/img_5812-3.png'><img loading=\"lazy\" decoding=\"async\" width=\"150\" height=\"150\" src=\"https:\/\/www.tolikhlav.cz\/wp-content\/uploads\/2016\/05\/img_5812-3-150x150.png\" class=\"attachment-thumbnail size-thumbnail\" alt=\"\" \/><\/a>\n\t\t\t<\/div><\/figure><figure class='gallery-item'>\n\t\t\t<div class='gallery-icon portrait'>\n\t\t\t\t<a href='https:\/\/www.tolikhlav.cz\/wp-content\/uploads\/2016\/05\/img_5788-2.png'><img loading=\"lazy\" decoding=\"async\" width=\"150\" height=\"150\" src=\"https:\/\/www.tolikhlav.cz\/wp-content\/uploads\/2016\/05\/img_5788-2-150x150.png\" class=\"attachment-thumbnail size-thumbnail\" alt=\"\" \/><\/a>\n\t\t\t<\/div><\/figure><figure class='gallery-item'>\n\t\t\t<div class='gallery-icon landscape'>\n\t\t\t\t<a href='https:\/\/www.tolikhlav.cz\/wp-content\/uploads\/2016\/05\/img_5785-1.png'><img loading=\"lazy\" decoding=\"async\" width=\"150\" height=\"150\" src=\"https:\/\/www.tolikhlav.cz\/wp-content\/uploads\/2016\/05\/img_5785-1-150x150.png\" class=\"attachment-thumbnail size-thumbnail\" alt=\"\" \/><\/a>\n\t\t\t<\/div><\/figure><figure class='gallery-item'>\n\t\t\t<div class='gallery-icon portrait'>\n\t\t\t\t<a href='https:\/\/www.tolikhlav.cz\/wp-content\/uploads\/2016\/05\/img_5787.png'><img loading=\"lazy\" decoding=\"async\" width=\"150\" height=\"150\" src=\"https:\/\/www.tolikhlav.cz\/wp-content\/uploads\/2016\/05\/img_5787-150x150.png\" class=\"attachment-thumbnail size-thumbnail\" alt=\"\" \/><\/a>\n\t\t\t<\/div><\/figure><figure class='gallery-item'>\n\t\t\t<div class='gallery-icon landscape'>\n\t\t\t\t<a href='https:\/\/www.tolikhlav.cz\/wp-content\/uploads\/2016\/05\/img_5756.png'><img loading=\"lazy\" decoding=\"async\" width=\"150\" height=\"150\" src=\"https:\/\/www.tolikhlav.cz\/wp-content\/uploads\/2016\/05\/img_5756-150x150.png\" class=\"attachment-thumbnail size-thumbnail\" alt=\"\" \/><\/a>\n\t\t\t<\/div><\/figure><figure class='gallery-item'>\n\t\t\t<div class='gallery-icon landscape'>\n\t\t\t\t<a href='https:\/\/www.tolikhlav.cz\/wp-content\/uploads\/2016\/05\/img_5708.png'><img loading=\"lazy\" decoding=\"async\" width=\"150\" height=\"150\" src=\"https:\/\/www.tolikhlav.cz\/wp-content\/uploads\/2016\/05\/img_5708-150x150.png\" class=\"attachment-thumbnail size-thumbnail\" alt=\"\" \/><\/a>\n\t\t\t<\/div><\/figure><figure class='gallery-item'>\n\t\t\t<div class='gallery-icon portrait'>\n\t\t\t\t<a href='https:\/\/www.tolikhlav.cz\/wp-content\/uploads\/2016\/05\/img_5706.png'><img loading=\"lazy\" decoding=\"async\" width=\"150\" height=\"150\" src=\"https:\/\/www.tolikhlav.cz\/wp-content\/uploads\/2016\/05\/img_5706-150x150.png\" class=\"attachment-thumbnail size-thumbnail\" alt=\"\" \/><\/a>\n\t\t\t<\/div><\/figure><figure class='gallery-item'>\n\t\t\t<div class='gallery-icon portrait'>\n\t\t\t\t<a href='https:\/\/www.tolikhlav.cz\/wp-content\/uploads\/2016\/05\/img_5701.png'><img loading=\"lazy\" decoding=\"async\" width=\"150\" height=\"150\" src=\"https:\/\/www.tolikhlav.cz\/wp-content\/uploads\/2016\/05\/img_5701-150x150.png\" class=\"attachment-thumbnail size-thumbnail\" alt=\"\" \/><\/a>\n\t\t\t<\/div><\/figure>\n\t\t<\/div>\n\n<hr \/>\n<h5>Fotogalerie<\/h5>\n<div id='gallery-2' class='gallery galleryid-122 gallery-columns-4 gallery-size-thumbnail'><figure class='gallery-item'>\n\t\t\t<div class='gallery-icon landscape'>\n\t\t\t\t<a href='https:\/\/www.tolikhlav.cz\/wp-content\/uploads\/2015\/05\/TolikHlav_7.jpg'><img loading=\"lazy\" decoding=\"async\" width=\"150\" height=\"150\" src=\"https:\/\/www.tolikhlav.cz\/wp-content\/uploads\/2015\/05\/TolikHlav_7-150x150.jpg\" class=\"attachment-thumbnail size-thumbnail\" alt=\"\" \/><\/a>\n\t\t\t<\/div><\/figure><figure class='gallery-item'>\n\t\t\t<div class='gallery-icon landscape'>\n\t\t\t\t<a href='https:\/\/www.tolikhlav.cz\/wp-content\/uploads\/2015\/05\/TolikHlav_6.jpg'><img loading=\"lazy\" decoding=\"async\" width=\"150\" height=\"150\" src=\"https:\/\/www.tolikhlav.cz\/wp-content\/uploads\/2015\/05\/TolikHlav_6-150x150.jpg\" class=\"attachment-thumbnail size-thumbnail\" alt=\"\" \/><\/a>\n\t\t\t<\/div><\/figure><figure class='gallery-item'>\n\t\t\t<div class='gallery-icon landscape'>\n\t\t\t\t<a href='https:\/\/www.tolikhlav.cz\/wp-content\/uploads\/2015\/05\/TolikHlav_5.jpg'><img loading=\"lazy\" decoding=\"async\" width=\"150\" height=\"150\" src=\"https:\/\/www.tolikhlav.cz\/wp-content\/uploads\/2015\/05\/TolikHlav_5-150x150.jpg\" class=\"attachment-thumbnail size-thumbnail\" alt=\"\" \/><\/a>\n\t\t\t<\/div><\/figure><figure class='gallery-item'>\n\t\t\t<div class='gallery-icon landscape'>\n\t\t\t\t<a href='https:\/\/www.tolikhlav.cz\/wp-content\/uploads\/2015\/05\/TolikHlav_4.jpg'><img loading=\"lazy\" decoding=\"async\" width=\"150\" height=\"150\" src=\"https:\/\/www.tolikhlav.cz\/wp-content\/uploads\/2015\/05\/TolikHlav_4-150x150.jpg\" class=\"attachment-thumbnail size-thumbnail\" alt=\"\" \/><\/a>\n\t\t\t<\/div><\/figure><figure class='gallery-item'>\n\t\t\t<div class='gallery-icon landscape'>\n\t\t\t\t<a href='https:\/\/www.tolikhlav.cz\/wp-content\/uploads\/2015\/05\/TolikHlav_3.jpg'><img loading=\"lazy\" decoding=\"async\" width=\"150\" height=\"150\" src=\"https:\/\/www.tolikhlav.cz\/wp-content\/uploads\/2015\/05\/TolikHlav_3-150x150.jpg\" class=\"attachment-thumbnail size-thumbnail\" alt=\"\" \/><\/a>\n\t\t\t<\/div><\/figure><figure class='gallery-item'>\n\t\t\t<div class='gallery-icon landscape'>\n\t\t\t\t<a href='https:\/\/www.tolikhlav.cz\/wp-content\/uploads\/2015\/05\/TolikHlav_2.jpg'><img loading=\"lazy\" decoding=\"async\" width=\"150\" height=\"150\" src=\"https:\/\/www.tolikhlav.cz\/wp-content\/uploads\/2015\/05\/TolikHlav_2-150x150.jpg\" class=\"attachment-thumbnail size-thumbnail\" alt=\"\" \/><\/a>\n\t\t\t<\/div><\/figure><figure class='gallery-item'>\n\t\t\t<div class='gallery-icon landscape'>\n\t\t\t\t<a href='https:\/\/www.tolikhlav.cz\/wp-content\/uploads\/2015\/05\/TolikHlav_1.jpg'><img loading=\"lazy\" decoding=\"async\" width=\"150\" height=\"150\" src=\"https:\/\/www.tolikhlav.cz\/wp-content\/uploads\/2015\/05\/TolikHlav_1-150x150.jpg\" class=\"attachment-thumbnail size-thumbnail\" alt=\"\" \/><\/a>\n\t\t\t<\/div><\/figure><figure class='gallery-item'>\n\t\t\t<div class='gallery-icon landscape'>\n\t\t\t\t<a href='https:\/\/www.tolikhlav.cz\/wp-content\/uploads\/2015\/03\/IMG_4891.jpg'><img loading=\"lazy\" decoding=\"async\" width=\"150\" height=\"150\" src=\"https:\/\/www.tolikhlav.cz\/wp-content\/uploads\/2015\/03\/IMG_4891-150x150.jpg\" class=\"attachment-thumbnail size-thumbnail\" alt=\"\" \/><\/a>\n\t\t\t<\/div><\/figure><figure class='gallery-item'>\n\t\t\t<div class='gallery-icon landscape'>\n\t\t\t\t<a href='https:\/\/www.tolikhlav.cz\/wp-content\/uploads\/2015\/03\/IMG_4888.jpg'><img loading=\"lazy\" decoding=\"async\" width=\"150\" height=\"150\" src=\"https:\/\/www.tolikhlav.cz\/wp-content\/uploads\/2015\/03\/IMG_4888-150x150.jpg\" class=\"attachment-thumbnail size-thumbnail\" alt=\"\" \/><\/a>\n\t\t\t<\/div><\/figure><figure class='gallery-item'>\n\t\t\t<div class='gallery-icon landscape'>\n\t\t\t\t<a href='https:\/\/www.tolikhlav.cz\/wp-content\/uploads\/2015\/03\/IMG_4886.jpg'><img loading=\"lazy\" decoding=\"async\" width=\"150\" height=\"150\" src=\"https:\/\/www.tolikhlav.cz\/wp-content\/uploads\/2015\/03\/IMG_4886-150x150.jpg\" class=\"attachment-thumbnail size-thumbnail\" alt=\"\" \/><\/a>\n\t\t\t<\/div><\/figure><figure class='gallery-item'>\n\t\t\t<div class='gallery-icon landscape'>\n\t\t\t\t<a href='https:\/\/www.tolikhlav.cz\/wp-content\/uploads\/2015\/03\/IMG_4882.jpg'><img loading=\"lazy\" decoding=\"async\" width=\"150\" height=\"150\" src=\"https:\/\/www.tolikhlav.cz\/wp-content\/uploads\/2015\/03\/IMG_4882-150x150.jpg\" class=\"attachment-thumbnail size-thumbnail\" alt=\"\" \/><\/a>\n\t\t\t<\/div><\/figure><figure class='gallery-item'>\n\t\t\t<div class='gallery-icon landscape'>\n\t\t\t\t<a href='https:\/\/www.tolikhlav.cz\/wp-content\/uploads\/2015\/03\/IMG_4881.jpg'><img loading=\"lazy\" decoding=\"async\" width=\"150\" height=\"150\" src=\"https:\/\/www.tolikhlav.cz\/wp-content\/uploads\/2015\/03\/IMG_4881-150x150.jpg\" class=\"attachment-thumbnail size-thumbnail\" alt=\"\" \/><\/a>\n\t\t\t<\/div><\/figure><figure class='gallery-item'>\n\t\t\t<div class='gallery-icon landscape'>\n\t\t\t\t<a href='https:\/\/www.tolikhlav.cz\/wp-content\/uploads\/2015\/03\/kamBW.jpg'><img loading=\"lazy\" decoding=\"async\" width=\"150\" height=\"150\" src=\"https:\/\/www.tolikhlav.cz\/wp-content\/uploads\/2015\/03\/kamBW-150x150.jpg\" class=\"attachment-thumbnail size-thumbnail\" alt=\"\" \/><\/a>\n\t\t\t<\/div><\/figure><figure class='gallery-item'>\n\t\t\t<div class='gallery-icon landscape'>\n\t\t\t\t<a href='https:\/\/www.tolikhlav.cz\/wp-content\/uploads\/2015\/03\/Honza_D.jpg'><img loading=\"lazy\" decoding=\"async\" width=\"150\" height=\"150\" src=\"https:\/\/www.tolikhlav.cz\/wp-content\/uploads\/2015\/03\/Honza_D-150x150.jpg\" class=\"attachment-thumbnail size-thumbnail\" alt=\"\" \/><\/a>\n\t\t\t<\/div><\/figure><figure class='gallery-item'>\n\t\t\t<div class='gallery-icon landscape'>\n\t\t\t\t<a href='https:\/\/www.tolikhlav.cz\/wp-content\/uploads\/2015\/03\/h-h2.jpg'><img loading=\"lazy\" decoding=\"async\" width=\"150\" height=\"150\" src=\"https:\/\/www.tolikhlav.cz\/wp-content\/uploads\/2015\/03\/h-h2-150x150.jpg\" class=\"attachment-thumbnail size-thumbnail\" alt=\"\" \/><\/a>\n\t\t\t<\/div><\/figure><figure class='gallery-item'>\n\t\t\t<div class='gallery-icon landscape'>\n\t\t\t\t<a href='https:\/\/www.tolikhlav.cz\/wp-content\/uploads\/2015\/03\/h-h_1.jpg'><img loading=\"lazy\" decoding=\"async\" width=\"150\" height=\"150\" src=\"https:\/\/www.tolikhlav.cz\/wp-content\/uploads\/2015\/03\/h-h_1-150x150.jpg\" class=\"attachment-thumbnail size-thumbnail\" alt=\"\" \/><\/a>\n\t\t\t<\/div><\/figure>\n\t\t<\/div>\n\n<hr \/>\n<p>&nbsp;<\/p>\n","protected":false},"excerpt":{"rendered":"<p>Videopozv\u00e1nka na\u00a0sezonu 2018\/2019 Videopozv\u00e1nka na p\u0159edstaven\u00ed 17.4.2018 Videopozv\u00e1nka na\u00a0sezonu 2016\/2017 Videopozv\u00e1nka na p\u0159edstaven\u00ed 17.4.2017 \u010d.1 Videopozv\u00e1nka na p\u0159edstaven\u00ed 17.4.2017 \u010d.1Zve\u0159ejnil(a) TOLIK HLAV dne 20. b\u0159ezen 2016 &nbsp; Videopozv\u00e1nka na p\u0159edstaven\u00ed 17.4.2017 \u010d.2 Videopozv\u00e1nka na p\u0159edstaven\u00ed 17.4.2017 \u010d.2Zve\u0159ejnil(a) TOLIK HLAV dne 20. b\u0159ezen 2016 &nbsp; Videopozv\u00e1nka na p\u0159edstaven\u00ed 17.4.2017 \u010d.3 Videopozv\u00e1nka na p\u0159edstaven\u00ed 17.4.2017 \u010d.3Zve\u0159ejnil(a) TOLIK &hellip; <a href=\"https:\/\/www.tolikhlav.cz\/?page_id=122\" class=\"more-link\">Pokra\u010dov\u00e1n\u00ed textu <span class=\"screen-reader-text\">Foto\/Video<\/span> <span class=\"meta-nav\">&rarr;<\/span><\/a><\/p>\n","protected":false},"author":1,"featured_media":0,"parent":0,"menu_order":0,"comment_status":"closed","ping_status":"closed","template":"","meta":{"footnotes":""},"class_list":["post-122","page","type-page","status-publish","hentry"],"_links":{"self":[{"href":"https:\/\/www.tolikhlav.cz\/index.php?rest_route=\/wp\/v2\/pages\/122","targetHints":{"allow":["GET"]}}],"collection":[{"href":"https:\/\/www.tolikhlav.cz\/index.php?rest_route=\/wp\/v2\/pages"}],"about":[{"href":"https:\/\/www.tolikhlav.cz\/index.php?rest_route=\/wp\/v2\/types\/page"}],"author":[{"embeddable":true,"href":"https:\/\/www.tolikhlav.cz\/index.php?rest_route=\/wp\/v2\/users\/1"}],"replies":[{"embeddable":true,"href":"https:\/\/www.tolikhlav.cz\/index.php?rest_route=%2Fwp%2Fv2%2Fcomments&post=122"}],"version-history":[{"count":69,"href":"https:\/\/www.tolikhlav.cz\/index.php?rest_route=\/wp\/v2\/pages\/122\/revisions"}],"predecessor-version":[{"id":1269,"href":"https:\/\/www.tolikhlav.cz\/index.php?rest_route=\/wp\/v2\/pages\/122\/revisions\/1269"}],"wp:attachment":[{"href":"https:\/\/www.tolikhlav.cz\/index.php?rest_route=%2Fwp%2Fv2%2Fmedia&parent=122"}],"curies":[{"name":"wp","href":"https:\/\/api.w.org\/{rel}","templated":true}]}}