{"id":1283,"date":"2019-02-05T07:57:52","date_gmt":"2019-02-05T07:57:52","guid":{"rendered":"http:\/\/www.tolikhlav.cz\/?page_id=1283"},"modified":"2020-09-18T00:05:15","modified_gmt":"2020-09-18T00:05:15","slug":"pro-firmy-zadane-predstaveni","status":"publish","type":"page","link":"https:\/\/www.tolikhlav.cz\/?page_id=1283","title":{"rendered":"Pro firmy \/ zadan\u00e9 p\u0159edstaven\u00ed"},"content":{"rendered":"<p><img loading=\"lazy\" decoding=\"async\" class=\"aligncenter size-full wp-image-1289\" src=\"https:\/\/www.tolikhlav.cz\/wp-content\/uploads\/2019\/02\/Vysehrani_2018.jpg\" alt=\"\" width=\"960\" height=\"540\" srcset=\"https:\/\/www.tolikhlav.cz\/wp-content\/uploads\/2019\/02\/Vysehrani_2018.jpg 960w, https:\/\/www.tolikhlav.cz\/wp-content\/uploads\/2019\/02\/Vysehrani_2018-300x169.jpg 300w, https:\/\/www.tolikhlav.cz\/wp-content\/uploads\/2019\/02\/Vysehrani_2018-768x432.jpg 768w, https:\/\/www.tolikhlav.cz\/wp-content\/uploads\/2019\/02\/Vysehrani_2018-644x362.jpg 644w\" sizes=\"auto, (max-width: 960px) 100vw, 960px\" \/><\/p>\n<p><strong><br \/>\nA\/\u00a0<\/strong><\/p>\n<p><strong>Nab\u00edz\u00edme zadan\u00e9 p\u0159edstaven\u00ed inscenace Tolik hlav jen pro Va\u0161i firmu, zam\u011bstnance, z\u00e1kazn\u00edky a partnery: <\/strong><\/p>\n<ol>\n<li>na domovsk\u00e9 sc\u00e9n\u011b divadeln\u00ed hry Tolik hlav v\u00a0pra\u017esk\u00e9m Divadle Metro s\u00a0kapacitou 222 m\u00edst p\u0159i klasick\u00e9m divadeln\u00edm stup\u0148ovit\u00e9m sezen\u00ed<\/li>\n<li>v\u00a0jin\u00fdch pra\u017esk\u00fdch divadlech, nap\u0159\u00edklad Divadlo Na Pr\u00e1dle, Vr\u0161ovick\u00e9 divadlo MANA, Divadlo Dobe\u0161ka, d\u00e1le podle po\u010dtu osob a domluvy<\/li>\n<li>na V\u00e1mi zvolen\u00e9m m\u00edst\u011b kdekoliv po \u010cR \u2013 lze ve vnit\u0159n\u00edch i venkovn\u00edch prostor\u00e1ch<\/li>\n<\/ol>\n<p><strong>B\/<\/strong><strong>\u00a0<\/strong><\/p>\n<p><strong>Nab\u00edz\u00edme tak\u00e9 p\u0159\u00edpravu a realizaci firemn\u00edho, spole\u010densk\u00e9ho setk\u00e1n\u00ed, ve\u010d\u00edrku formou \u201efull service\u201c podle Va\u0161ich p\u0159\u00e1n\u00ed a pot\u0159eb. Na m\u00edru jsme V\u00e1m schopni zajistit technick\u00e9 vybaven\u00ed a person\u00e1l k Va\u0161\u00ed akci, zprost\u0159edkovat cateringov\u00e9 slu\u017eby, kv\u011btiny, slu\u017eby moder\u00e1tora, doprovodn\u00fd program a dal\u0161\u00ed.<\/strong><\/p>\n<p><strong>V\u00fdhody uspo\u0159\u00e1d\u00e1n\u00ed zadan\u00e9ho p\u0159edstaven\u00ed, v\u010d. doprovodn\u00fdch slu\u017eeb:<\/strong><\/p>\n<ul>\n<li>z\u00e1zem\u00ed zku\u0161en\u00e9ho event mana\u017eera a znalost divadeln\u00edch a kulturn\u00edch prostor po cel\u00e9 \u010cesk\u00e9 republice<\/li>\n<li>p\u0159eb\u00edr\u00e1me zodpov\u011bdnost za klienta &#8211; vych\u00e1z\u00edme z letit\u00fdch zku\u0161enost\u00ed v po\u0159\u00e1d\u00e1n\u00ed event\u016f, firemn\u00edch setk\u00e1n\u00ed, konferenc\u00ed, kulturn\u00edch akc\u00ed, ud\u00e1lost\u00ed, divadeln\u00edch p\u0159edstaven\u00ed a hudebn\u00edch produkc\u00ed<\/li>\n<li>v\u00fdrazn\u00e1 \u00faspora \u010dasu pro V\u00e1s a mo\u017enost v\u011bnov\u00e1n\u00ed se jen sv\u00fdm aktivit\u00e1m (odpad\u00e1 hled\u00e1n\u00ed prostor a catering firmy apod.)<\/li>\n<li>jednoduch\u00e1 komunikace pouze s jednou osobou, a ne se v\u0161emi dodavatelsk\u00fdmi subjekty, uleh\u010den\u00ed administrativy, dokumentace<\/li>\n<li>kulturn\u00ed z\u00e1\u017eitek v reprezentativn\u00edch prostor\u00e1ch zvolen\u00fdch podle Va\u0161ich preferenc\u00ed<\/li>\n<li>velikost divadeln\u00ed s\u00e1lu podle Va\u0161ich pot\u0159eb<\/li>\n<li>z\u00e1zem\u00ed pro uspo\u0159\u00e1d\u00e1n\u00ed doprovodn\u00e9ho programu pro spole\u010densk\u00e9ho setk\u00e1n\u00ed<\/li>\n<\/ul>\n<p><strong><br \/>\nDal\u0161\u00ed podrobnosti o mo\u017enostech zadan\u00e9ho p\u0159edstaven\u00ed a kompletn\u00edho zaji\u0161t\u011bn\u00ed akce<br \/>\ns V\u00e1mi r\u00e1di projedn\u00e1me na osobn\u00ed sch\u016fzce. N\u00e1sledn\u011b vypracujeme nab\u00eddku a cenovou kalkulaci, kterou V\u00e1m odprezentujeme. <\/strong><\/p>\n<p>Nev\u00e1hejte a pro dal\u0161\u00ed informace pi\u0161te na <a href=\"mailto:tolikhlav@email.cz\">tolikhlav@email.cz<\/a> nebo volejte na +420\u00a0724\u00a0032\u00a0714 nebo +420 731\u00a0468\u00a0857.<\/p>\n<p><img loading=\"lazy\" decoding=\"async\" class=\"aligncenter size-full wp-image-1288\" src=\"https:\/\/www.tolikhlav.cz\/wp-content\/uploads\/2019\/02\/Tolik-hlav_2018.jpg\" alt=\"\" width=\"540\" height=\"960\" srcset=\"https:\/\/www.tolikhlav.cz\/wp-content\/uploads\/2019\/02\/Tolik-hlav_2018.jpg 540w, https:\/\/www.tolikhlav.cz\/wp-content\/uploads\/2019\/02\/Tolik-hlav_2018-169x300.jpg 169w\" sizes=\"auto, (max-width: 540px) 100vw, 540px\" \/><\/p>\n","protected":false},"excerpt":{"rendered":"<p>A\/\u00a0 Nab\u00edz\u00edme zadan\u00e9 p\u0159edstaven\u00ed inscenace Tolik hlav jen pro Va\u0161i firmu, zam\u011bstnance, z\u00e1kazn\u00edky a partnery: na domovsk\u00e9 sc\u00e9n\u011b divadeln\u00ed hry Tolik hlav v\u00a0pra\u017esk\u00e9m Divadle Metro s\u00a0kapacitou 222 m\u00edst p\u0159i klasick\u00e9m divadeln\u00edm stup\u0148ovit\u00e9m sezen\u00ed v\u00a0jin\u00fdch pra\u017esk\u00fdch divadlech, nap\u0159\u00edklad Divadlo Na Pr\u00e1dle, Vr\u0161ovick\u00e9 divadlo MANA, Divadlo Dobe\u0161ka, d\u00e1le podle po\u010dtu osob a domluvy na V\u00e1mi zvolen\u00e9m m\u00edst\u011b &hellip; <a href=\"https:\/\/www.tolikhlav.cz\/?page_id=1283\" class=\"more-link\">Pokra\u010dov\u00e1n\u00ed textu <span class=\"screen-reader-text\">Pro firmy \/ zadan\u00e9 p\u0159edstaven\u00ed<\/span> <span class=\"meta-nav\">&rarr;<\/span><\/a><\/p>\n","protected":false},"author":1,"featured_media":0,"parent":0,"menu_order":0,"comment_status":"closed","ping_status":"closed","template":"","meta":{"footnotes":""},"class_list":["post-1283","page","type-page","status-publish","hentry"],"_links":{"self":[{"href":"https:\/\/www.tolikhlav.cz\/index.php?rest_route=\/wp\/v2\/pages\/1283","targetHints":{"allow":["GET"]}}],"collection":[{"href":"https:\/\/www.tolikhlav.cz\/index.php?rest_route=\/wp\/v2\/pages"}],"about":[{"href":"https:\/\/www.tolikhlav.cz\/index.php?rest_route=\/wp\/v2\/types\/page"}],"author":[{"embeddable":true,"href":"https:\/\/www.tolikhlav.cz\/index.php?rest_route=\/wp\/v2\/users\/1"}],"replies":[{"embeddable":true,"href":"https:\/\/www.tolikhlav.cz\/index.php?rest_route=%2Fwp%2Fv2%2Fcomments&post=1283"}],"version-history":[{"count":6,"href":"https:\/\/www.tolikhlav.cz\/index.php?rest_route=\/wp\/v2\/pages\/1283\/revisions"}],"predecessor-version":[{"id":1316,"href":"https:\/\/www.tolikhlav.cz\/index.php?rest_route=\/wp\/v2\/pages\/1283\/revisions\/1316"}],"wp:attachment":[{"href":"https:\/\/www.tolikhlav.cz\/index.php?rest_route=%2Fwp%2Fv2%2Fmedia&parent=1283"}],"curies":[{"name":"wp","href":"https:\/\/api.w.org\/{rel}","templated":true}]}}