{"id":2,"date":"2015-03-08T13:11:21","date_gmt":"2015-03-08T13:11:21","guid":{"rendered":"http:\/\/www.tolikhlav.cz\/?page_id=2"},"modified":"2020-09-18T00:03:23","modified_gmt":"2020-09-18T00:03:23","slug":"o-divadle","status":"publish","type":"page","link":"https:\/\/www.tolikhlav.cz\/?page_id=2","title":{"rendered":"O divadle"},"content":{"rendered":"<h5><strong><img loading=\"lazy\" decoding=\"async\" class=\"size-medium wp-image-100 alignleft\" src=\"https:\/\/www.tolikhlav.cz\/wp-content\/uploads\/2015\/03\/Kamil_web-200x300.jpg\" alt=\"Kamil_web\" width=\"200\" height=\"300\" srcset=\"https:\/\/www.tolikhlav.cz\/wp-content\/uploads\/2015\/03\/Kamil_web-200x300.jpg 200w, https:\/\/www.tolikhlav.cz\/wp-content\/uploads\/2015\/03\/Kamil_web.jpg 1024w\" sizes=\"auto, (max-width: 200px) 100vw, 200px\" \/>Kamil St\u0159ihavka<\/strong> v roli autora a re\u017eis\u00e9ra<br \/>\nDivadeln\u00ed hry <strong>TOLIK HLAV<\/strong><\/h5>\n<p>&#8230;rockov\u00fd zp\u011bv\u00e1k, p\u0159edstavitel tituln\u00ed role v legend\u00e1rn\u00ed rockov\u00e9 ope\u0159e Jesus Christ Superstar, frontman rockov\u00fdch seskupen\u00ed Leaders!, B.S.P. \u010di Supergroup, p\u0159ichystal sv\u00fdm fanou\u0161k\u016fm a nejen jim origin\u00e1ln\u00ed p\u0159ekvapen\u00ed. Rozhodl se toti\u017e zrealizovat dal\u0161\u00ed ze sv\u00fdch projekt\u016f a p\u0159ich\u00e1z\u00ed se svou divadeln\u00ed prvotinou, kterou je \u010dinohern\u00ed p\u0159edstaven\u00ed TOLIK HLAV.<\/p>\n<p><strong>Divadeln\u00ed inscenace Tolik hlav je o p\u0159\u00e1telstv\u00ed a zrad\u011b, ale i o l\u00e1sce k hudb\u011b v kontextu p\u0159elomu 70. a 80.let v tehdej\u0161\u00edm\u00a0\u010ceskoslovensku. R\u00e1d bych dal p\u0159ivon\u011bt k t\u00e9to dob\u011b nejen sou\u010dasn\u00e9 mlad\u00e9 generaci o\u010dima jejich vrstevn\u00edk\u016f, ale i v\u0161em, kte\u0159\u00ed maj\u00ed tato l\u00e9ta je\u0161t\u011b v pam\u011bti. Na\u0161e ho\u0159k\u00e1 komedie je tak\u00e9 o snech, touh\u00e1ch, ale i o v\u00e1\u0161ni pro v\u011bc samotnou &#8211; \u0159\u00edk\u00e1 autor.<\/strong><\/p>\n<p><strong>Nab\u00eddku z\u00fa\u010dastnit se tohoto divadeln\u00edho projektu p\u0159ijali hereck\u00e9 hv\u011bzdy Zdena Hadrbolcov\u00e1, Krist\u00fdna Leichtov\u00e1, Jan Dolansk\u00fd a Jan Zadra\u017eil, dopln\u011bn\u00e9 p\u0159ekvapiv\u00fdm slo\u017een\u00edm epizodn\u00edch postav a jemn\u011b propracovanou hudebn\u00ed dramaturgi\u00ed. Inscenaci TOLIK HLAV uv\u00e1d\u00ed<\/strong>\u00a0<strong>divadlo<br \/>\nMETRO<\/strong> \u2013 N\u00e1rodn\u00ed 25, Praha1. <em>(N\u00e1rodn\u00ed t\u0159\u00edda &#8211;<\/em><em>pas\u00e1\u017e pal\u00e1ce Metro)<\/em><\/p>\n<div class=\"su-row\"> <div class=\"su-column su-column-size-1-3\"><div class=\"su-column-inner su-u-clearfix su-u-trim\">\n<p><img loading=\"lazy\" decoding=\"async\" class=\"size-medium wp-image-851 aligncenter\" src=\"https:\/\/www.tolikhlav.cz\/wp-content\/uploads\/2015\/03\/TolikHlav_9583-300x202.jpg\" alt=\"Zdena Hadrbolcov\u00e1, Krist\u00fdna Leichtov\u00e1, Jan Dolansk\u00fd, Jan Zadra\u017eil, Tolik hlav, Divadeln\u00ed spole\u010dnost Kamila St\u0159ihavky, Bar\u00e1\u010dnick\u00e1 rychta Praha 26.04.2015\" width=\"300\" height=\"202\" srcset=\"https:\/\/www.tolikhlav.cz\/wp-content\/uploads\/2015\/03\/TolikHlav_9583-300x202.jpg 300w, https:\/\/www.tolikhlav.cz\/wp-content\/uploads\/2015\/03\/TolikHlav_9583-768x517.jpg 768w, https:\/\/www.tolikhlav.cz\/wp-content\/uploads\/2015\/03\/TolikHlav_9583.jpg 800w\" sizes=\"auto, (max-width: 300px) 100vw, 300px\" \/><\/p>\n<\/div><\/div> <div class=\"su-column su-column-size-1-3\"><div class=\"su-column-inner su-u-clearfix su-u-trim\"><strong><img loading=\"lazy\" decoding=\"async\" class=\"size-medium wp-image-837 aligncenter\" src=\"https:\/\/www.tolikhlav.cz\/wp-content\/uploads\/2015\/03\/JSK5adfe7_TolikHlav-300x200.jpg\" alt=\"jsk5adfe7_tolikhlav\" width=\"300\" height=\"200\" srcset=\"https:\/\/www.tolikhlav.cz\/wp-content\/uploads\/2015\/03\/JSK5adfe7_TolikHlav-300x200.jpg 300w, https:\/\/www.tolikhlav.cz\/wp-content\/uploads\/2015\/03\/JSK5adfe7_TolikHlav.jpg 630w\" sizes=\"auto, (max-width: 300px) 100vw, 300px\" \/><\/strong><\/p>\n<\/div><\/div>\n<div class=\"su-column su-column-size-1-3\"><div class=\"su-column-inner su-u-clearfix su-u-trim\"><em><img loading=\"lazy\" decoding=\"async\" class=\"size-medium wp-image-846 aligncenter\" src=\"https:\/\/www.tolikhlav.cz\/wp-content\/uploads\/2015\/03\/TolikHlav_9482-300x201.jpg\" alt=\"Zdena Hadrbolcov\u00e1, Krist\u00fdna Leichtov\u00e1, Jan Dolansk\u00fd, Jan Zadra\u017eil, Tolik hlav, Divadeln\u00ed spole\u010dnost Kamila St\u0159ihavky, Bar\u00e1\u010dnick\u00e1 rychta Praha 26.04.2015\" width=\"300\" height=\"201\" srcset=\"https:\/\/www.tolikhlav.cz\/wp-content\/uploads\/2015\/03\/TolikHlav_9482-300x201.jpg 300w, https:\/\/www.tolikhlav.cz\/wp-content\/uploads\/2015\/03\/TolikHlav_9482-768x515.jpg 768w, https:\/\/www.tolikhlav.cz\/wp-content\/uploads\/2015\/03\/TolikHlav_9482.jpg 800w\" sizes=\"auto, (max-width: 300px) 100vw, 300px\" \/><\/em><\/p>\n<\/div><\/div> <\/div>\n<p><em>\u00a0<\/em><em><strong><img loading=\"lazy\" decoding=\"async\" class=\"wp-image-884 alignright\" src=\"https:\/\/www.tolikhlav.cz\/wp-content\/uploads\/2015\/03\/hippies2.png\" alt=\"\" width=\"208\" height=\"177\" srcset=\"https:\/\/www.tolikhlav.cz\/wp-content\/uploads\/2015\/03\/hippies2.png 337w, https:\/\/www.tolikhlav.cz\/wp-content\/uploads\/2015\/03\/hippies2-300x255.png 300w\" sizes=\"auto, (max-width: 208px) 100vw, 208px\" \/><\/strong><\/em><\/p>\n<p><strong><br \/>\nP\u0159edprodej:<br \/>\n<\/strong><a href=\"https:\/\/www.ticketportal.cz\/event.aspx?id=133801\" target=\"_blank\" rel=\"noopener noreferrer\"><em>www.ticketportal.cz<\/em><\/a><br \/>\n<a href=\"https:\/\/www.tolikhlav.cz\"><em>www.tolikhlav.cz<\/em><\/a><br \/>\n<em>a na pokladn\u011b divadla Metro<\/em><\/p>\n<hr \/>\n<p><img loading=\"lazy\" decoding=\"async\" class=\"wp-image-850 aligncenter\" src=\"https:\/\/www.tolikhlav.cz\/wp-content\/uploads\/2015\/03\/TolikHlav_9449.jpg\" alt=\"Zdena Hadrbolcov\u00e1, Krist\u00fdna Leichtov\u00e1, Jan Dolansk\u00fd, Jan Zadra\u017eil, Tolik hlav, Divadeln\u00ed spole\u010dnost Kamila St\u0159ihavky, Bar\u00e1\u010dnick\u00e1 rychta Praha 26.04.2015\" width=\"664\" height=\"445\" srcset=\"https:\/\/www.tolikhlav.cz\/wp-content\/uploads\/2015\/03\/TolikHlav_9449.jpg 800w, https:\/\/www.tolikhlav.cz\/wp-content\/uploads\/2015\/03\/TolikHlav_9449-300x201.jpg 300w, https:\/\/www.tolikhlav.cz\/wp-content\/uploads\/2015\/03\/TolikHlav_9449-768x515.jpg 768w\" sizes=\"auto, (max-width: 664px) 100vw, 664px\" \/><img loading=\"lazy\" decoding=\"async\" class=\"aligncenter size-full wp-image-369\" src=\"https:\/\/www.tolikhlav.cz\/wp-content\/uploads\/2015\/05\/TolikHlav_1.jpg\" alt=\"TolikHlav_1\" width=\"800\" height=\"536\" srcset=\"https:\/\/www.tolikhlav.cz\/wp-content\/uploads\/2015\/05\/TolikHlav_1.jpg 800w, https:\/\/www.tolikhlav.cz\/wp-content\/uploads\/2015\/05\/TolikHlav_1-300x201.jpg 300w\" sizes=\"auto, (max-width: 800px) 100vw, 800px\" \/><img loading=\"lazy\" decoding=\"async\" class=\"aligncenter size-full wp-image-370\" src=\"https:\/\/www.tolikhlav.cz\/wp-content\/uploads\/2015\/05\/TolikHlav_2.jpg\" alt=\"TolikHlav_2\" width=\"800\" height=\"536\" srcset=\"https:\/\/www.tolikhlav.cz\/wp-content\/uploads\/2015\/05\/TolikHlav_2.jpg 800w, https:\/\/www.tolikhlav.cz\/wp-content\/uploads\/2015\/05\/TolikHlav_2-300x201.jpg 300w\" sizes=\"auto, (max-width: 800px) 100vw, 800px\" \/><img loading=\"lazy\" decoding=\"async\" class=\"aligncenter size-full wp-image-859\" src=\"https:\/\/www.tolikhlav.cz\/wp-content\/uploads\/2015\/03\/Screenshot-2016-11-30-20.40.59.png\" alt=\"screenshot-2016-11-30-20-40-59\" width=\"803\" height=\"453\" srcset=\"https:\/\/www.tolikhlav.cz\/wp-content\/uploads\/2015\/03\/Screenshot-2016-11-30-20.40.59.png 803w, https:\/\/www.tolikhlav.cz\/wp-content\/uploads\/2015\/03\/Screenshot-2016-11-30-20.40.59-300x169.png 300w, https:\/\/www.tolikhlav.cz\/wp-content\/uploads\/2015\/03\/Screenshot-2016-11-30-20.40.59-768x433.png 768w\" sizes=\"auto, (max-width: 803px) 100vw, 803px\" \/><\/p>\n<hr \/>\n<h2>Tiskov\u00e1 zpr\u00e1va &#8211; premi\u00e9ra<\/h2>\n<h3>\u00a0<img loading=\"lazy\" decoding=\"async\" class=\"alignnone size-large wp-image-113\" src=\"https:\/\/www.tolikhlav.cz\/wp-content\/uploads\/2015\/03\/logo2-zakladni-barva-1600x306.png\" alt=\"logo2-zakladni-barva\" width=\"604\" height=\"116\" srcset=\"https:\/\/www.tolikhlav.cz\/wp-content\/uploads\/2015\/03\/logo2-zakladni-barva-1600x306.png 1600w, https:\/\/www.tolikhlav.cz\/wp-content\/uploads\/2015\/03\/logo2-zakladni-barva-300x57.png 300w\" sizes=\"auto, (max-width: 604px) 100vw, 604px\" \/>\u00a0<strong><br \/>\nDivadeln\u00ed hra Kamila St\u0159ihavky TOLIK HLAV<br \/>\nodstartovala \u00fasp\u011b\u0161nou premi\u00e9rou<\/strong><\/h3>\n<div class=\"page\" title=\"Page 1\">\n<div class=\"section\">\n<div class=\"section\">\n<div class=\"layoutArea\">\n<div class=\"column\">\n<h5><strong><img loading=\"lazy\" decoding=\"async\" class=\"wp-image-374 alignleft\" src=\"https:\/\/www.tolikhlav.cz\/wp-content\/uploads\/2015\/05\/TolikHlav_6.jpg\" alt=\"\" width=\"397\" height=\"266\" srcset=\"https:\/\/www.tolikhlav.cz\/wp-content\/uploads\/2015\/05\/TolikHlav_6.jpg 800w, https:\/\/www.tolikhlav.cz\/wp-content\/uploads\/2015\/05\/TolikHlav_6-300x201.jpg 300w\" sizes=\"auto, (max-width: 397px) 100vw, 397px\" \/>S\u00e9rii divadeln\u00edch p\u0159edstaven\u00ed odstartovala premi\u00e9ra hry TOLIK HLAV rockov\u00e9ho zp\u011bv\u00e1ka Kamila St\u0159ihavky. Ned\u00e1vno sv\u00e9 fanou\u0161ky p\u0159ekvapil origin\u00e1ln\u00edm po\u010dinem \u2013 rozhodl se toti\u017e zrealizovat dal\u0161\u00ed ze sv\u00fdch n\u00e1pad\u016f a debutuje jako autor divadeln\u00ed hry a sou\u010dasn\u011b jej\u00ed re\u017eis\u00e9r. V.I.P. n\u00e1v\u0161t\u011bvn\u00edci spolu sfanou\u0161ky a milovn\u00edky divadla se se\u0161li 26. dubna v prostor\u00e1ch pra\u017esk\u00e9 Bar\u00e1\u010dnick\u00e9 rychty, aby zhl\u00e9dli premi\u00e9ru hry\u00a0a podpo\u0159ili svou \u00fa\u010dast\u00ed nov\u00fd zaj\u00edmav\u00fd um\u011bleck\u00fd projekt.<\/strong><\/h5>\n<\/div>\n<\/div>\n<\/div>\n<div class=\"section\">\n<div class=\"layoutArea\">\n<div class=\"column\">\n<p>Kamil St\u0159ihavka rockov\u00fd zp\u011bv\u00e1k, p\u0159edstavitel tituln\u00ed role v legend\u00e1rn\u00ed rockov\u00e9 ope\u0159e Jesus\u00a0Christ Superstar, frontman rockov\u00fdch seskupen\u00ed Leaders!, B.S.P. \u010di Supergroup \u2013 v\u00edce ho asi net\u0159eba p\u0159edstavovat. A co \u0159\u00edk\u00e1 autor hry nyn\u00ed po \u00fasp\u011b\u0161n\u00e9 premi\u00e9\u0159e? <em><strong>\u201eJsem velice pot\u011b\u0161en, kolik lid\u00ed na premi\u00e9ru m\u00e9 hry, ale i na 1 repr\u00edzu, kter\u00e1 se konala n\u00e1sleduj\u00edc\u00edho dne, p\u0159i\u0161lo. Jsem nad\u0161en z ohlas\u016f, p\u0159\u00edzniv\u00e9 kritiky a t\u011b\u0161\u00edme se na v\u011bci p\u0159\u00ed\u0161t\u00ed&#8230;,\u201c \u0159\u00edk\u00e1 Kamil St\u0159ihavka<\/strong><\/em>. On i cel\u00fd divadeln\u00ed a produk\u010dn\u00ed t\u00fdm podle jeho slov o\u010dek\u00e1v\u00e1, \u017ee hra se bude l\u00edbit i mnoha dal\u0161\u00edm n\u00e1v\u0161t\u011bvn\u00edk\u016fm. Alespo\u0148 ti, co 26. dubna dorazili do Bar\u00e1\u010dnick\u00e9 rychty, reagovali na konci p\u0159edstaven\u00ed mohutn\u00fdm potleskem ve stoje a opakovan\u00fdm vyvol\u00e1v\u00e1n\u00edm autora i herc\u016f p\u0159i z\u00e1v\u011bre\u010dn\u00e9 d\u011bkova\u010dce.<\/p>\n<\/div>\n<\/div>\n<\/div>\n<div class=\"section\">\n<div class=\"layoutArea\">\n<div class=\"column\">\n<p>A na co by m\u011bl Kamil St\u0159ihavka tyto n\u00e1v\u0161t\u011bvn\u00edky nal\u00e1kat? \u201e<strong><em>Velice stru\u010dn\u011b vyj\u00e1d\u0159eno, jde o t\u00e9ma p\u0159\u00e1telstv\u00ed a zrady, v kontextu p\u0159elomu 70. a 80. let, v tehdej\u0161\u00edm \u010ceskoslovensku. R\u00e1d bych dal p\u0159ivon\u011bt k t\u00e9to dob\u011b nejen sou\u010dasn\u00e9 mlad\u00e9 generaci o\u010dima jejich vrstevn\u00edk\u016f, ale i v\u0161em, kte\u0159\u00ed maj\u00ed tato l\u00e9ta je\u0161t\u011b v pam\u011bti,\u201c \u0159\u00edk\u00e1 autor.<\/em><\/strong><\/p>\n<p>Nab\u00eddku z\u00fa\u010dastnit se tohoto divadeln\u00edho projektu p\u0159ijaly hereck\u00e9 hv\u011bzdy <strong>Zdena Hadrbolcov\u00e1<\/strong>, <strong>Krist\u00fdna Leichtov\u00e1<\/strong>, <strong>Jan Dolansk\u00fd<\/strong> a <strong>Jan Zadra\u017eil<\/strong>, dopln\u011bn\u00e9 p\u0159ekvapiv\u00fdm slo\u017een\u00edm epizodn\u00edch postav a jemn\u011b propracovanou hudebn\u00ed dramaturgi\u00ed.<\/p>\n<p>Domovskou sc\u00e9nou pro hru TOLIK HLAV se stala <a href=\"http:\/\/www.baracnickarychta.cz\" target=\"_blank\" rel=\"noopener noreferrer\">Bar\u00e1\u010dnick\u00e1 rychta<\/a> (Tr\u017ei\u0161t\u011b 23\/555, Praha 1 \u2013 Mal\u00e1 Strana), kter\u00e1 dokresluje svou histori\u00ed image t\u00e9to doby. Na divadeln\u00ed h\u0159e se d\u00e1le pod\u00edlej\u00ed: Darina Korandov\u00e1 (asistent re\u017eie), Ivana Sl\u00e1mov\u00e1 (dramaturgie), Petr Pel\u00ed\u0161ek (produkce), Milan David (sc\u00e9nografie, v\u00fdprava), Jana \u010c\u00e1stkov\u00e1 (sv\u011bteln\u00fd design), Michal Hons ( zvuk, zvukov\u00e1 \u00faprava).<\/p>\n<p><b>Vstupenky lze zakoupit v\u00a0s\u00edti TICKETPORTAL.<\/b><\/p>\n<p><b>Odkaz: <\/b><a href=\"http:\/\/www.ticketportal.cz\/fulltext.aspx?search=tolik%2520hlav\"><b>http:\/\/www.ticketportal.cz\/fulltext.aspx?search=tolik hlav<\/b><\/a><\/p>\n<p><strong>Produkce<\/strong><br \/>\nMichal Hons<br \/>\nmail:\u00a0<a href=\"mailto:tolikhlav@email.cz\">tolikhlav@email.cz<\/a><br \/>\ntel.: +420 724 032 714<\/p>\n<hr \/>\n<\/div>\n<div class=\"column\"><img loading=\"lazy\" decoding=\"async\" class=\"aligncenter wp-image-430 size-full\" src=\"https:\/\/www.tolikhlav.cz\/wp-content\/uploads\/2015\/10\/bezbarierovy.png\" alt=\"bezbarierovy\" width=\"877\" height=\"620\" srcset=\"https:\/\/www.tolikhlav.cz\/wp-content\/uploads\/2015\/10\/bezbarierovy.png 877w, https:\/\/www.tolikhlav.cz\/wp-content\/uploads\/2015\/10\/bezbarierovy-300x212.png 300w\" sizes=\"auto, (max-width: 877px) 100vw, 877px\" \/><\/div>\n<div class=\"column\"><\/div>\n<\/div>\n<\/div>\n<\/div>\n<\/div>\n<hr \/>\n<p><img loading=\"lazy\" decoding=\"async\" class=\"wp-image-556 size-full aligncenter\" src=\"https:\/\/www.tolikhlav.cz\/wp-content\/uploads\/2015\/03\/Producentske_okenko-e1452468572744.png\" alt=\"Producentske_okenko\" width=\"742\" height=\"1100\" srcset=\"https:\/\/www.tolikhlav.cz\/wp-content\/uploads\/2015\/03\/Producentske_okenko-e1452468572744.png 742w, https:\/\/www.tolikhlav.cz\/wp-content\/uploads\/2015\/03\/Producentske_okenko-e1452468572744-202x300.png 202w\" sizes=\"auto, (max-width: 742px) 100vw, 742px\" \/><\/p>\n<p><img loading=\"lazy\" decoding=\"async\" class=\"wp-image-900 aligncenter\" src=\"https:\/\/www.tolikhlav.cz\/wp-content\/uploads\/2015\/03\/misikV5-3-300x70.png\" alt=\"\" width=\"399\" height=\"89\" \/><\/p>\n<hr \/>\n<h3><\/h3>\n","protected":false},"excerpt":{"rendered":"<p>Kamil St\u0159ihavka v roli autora a re\u017eis\u00e9ra Divadeln\u00ed hry TOLIK HLAV &#8230;rockov\u00fd zp\u011bv\u00e1k, p\u0159edstavitel tituln\u00ed role v legend\u00e1rn\u00ed rockov\u00e9 ope\u0159e Jesus Christ Superstar, frontman rockov\u00fdch seskupen\u00ed Leaders!, B.S.P. \u010di Supergroup, p\u0159ichystal sv\u00fdm fanou\u0161k\u016fm a nejen jim origin\u00e1ln\u00ed p\u0159ekvapen\u00ed. Rozhodl se toti\u017e zrealizovat dal\u0161\u00ed ze sv\u00fdch projekt\u016f a p\u0159ich\u00e1z\u00ed se svou divadeln\u00ed prvotinou, kterou je \u010dinohern\u00ed &hellip; <a href=\"https:\/\/www.tolikhlav.cz\/?page_id=2\" class=\"more-link\">Pokra\u010dov\u00e1n\u00ed textu <span class=\"screen-reader-text\">O divadle<\/span> <span class=\"meta-nav\">&rarr;<\/span><\/a><\/p>\n","protected":false},"author":1,"featured_media":0,"parent":0,"menu_order":1,"comment_status":"closed","ping_status":"closed","template":"","meta":{"footnotes":""},"class_list":["post-2","page","type-page","status-publish","hentry"],"_links":{"self":[{"href":"https:\/\/www.tolikhlav.cz\/index.php?rest_route=\/wp\/v2\/pages\/2","targetHints":{"allow":["GET"]}}],"collection":[{"href":"https:\/\/www.tolikhlav.cz\/index.php?rest_route=\/wp\/v2\/pages"}],"about":[{"href":"https:\/\/www.tolikhlav.cz\/index.php?rest_route=\/wp\/v2\/types\/page"}],"author":[{"embeddable":true,"href":"https:\/\/www.tolikhlav.cz\/index.php?rest_route=\/wp\/v2\/users\/1"}],"replies":[{"embeddable":true,"href":"https:\/\/www.tolikhlav.cz\/index.php?rest_route=%2Fwp%2Fv2%2Fcomments&post=2"}],"version-history":[{"count":133,"href":"https:\/\/www.tolikhlav.cz\/index.php?rest_route=\/wp\/v2\/pages\/2\/revisions"}],"predecessor-version":[{"id":1314,"href":"https:\/\/www.tolikhlav.cz\/index.php?rest_route=\/wp\/v2\/pages\/2\/revisions\/1314"}],"wp:attachment":[{"href":"https:\/\/www.tolikhlav.cz\/index.php?rest_route=%2Fwp%2Fv2%2Fmedia&parent=2"}],"curies":[{"name":"wp","href":"https:\/\/api.w.org\/{rel}","templated":true}]}}