{"id":34,"date":"2015-03-08T15:06:23","date_gmt":"2015-03-08T15:06:23","guid":{"rendered":"http:\/\/www.tolikhlav.cz\/?page_id=34"},"modified":"2019-01-07T08:42:44","modified_gmt":"2019-01-07T08:42:44","slug":"herecke-obsazeni","status":"publish","type":"page","link":"https:\/\/www.tolikhlav.cz\/?page_id=34","title":{"rendered":"Hereck\u00e9 Obsazen\u00ed"},"content":{"rendered":"<div class=\"su-row\">\n<p><b><img loading=\"lazy\" decoding=\"async\" class=\"alignleft wp-image-129\" src=\"https:\/\/www.tolikhlav.cz\/wp-content\/uploads\/2015\/03\/Jan-Zadrazil_web.jpg\" alt=\"Jan-Zadrazil_web\" width=\"120\" height=\"160\" srcset=\"https:\/\/www.tolikhlav.cz\/wp-content\/uploads\/2015\/03\/Jan-Zadrazil_web.jpg 345w, https:\/\/www.tolikhlav.cz\/wp-content\/uploads\/2015\/03\/Jan-Zadrazil_web-225x300.jpg 225w\" sizes=\"auto, (max-width: 120px) 100vw, 120px\" \/>Jan Zadra\u017eil<br \/>\n<\/b><\/p>\n<p style=\"text-align: justify;\">Absolvent Pra\u017esk\u00e9 Konzervato\u0159e \u2013 hudebn\u011b dramatick\u00fd obor. Herec \u00fa\u010dinkuj\u00edc\u00ed na sc\u00e9n\u011b n\u011bkolika divadel jak v Praze, tak i mimo ni. Z televize je zn\u00e1m ze seri\u00e1l\u016f: Zdivo\u010del\u00e1 zem\u011b, P\u0159e\u0161lapy, Rodinn\u00e1 pouta a dal\u0161\u00ed. Z filmografie zm\u00edn\u00edme Prom\u011bny, Zemsk\u00fd r\u00e1j to na pohled, Labyrint a dal\u0161\u00ed.<\/p>\n<\/div>\n<hr \/>\n<p><b><img loading=\"lazy\" decoding=\"async\" class=\"alignleft wp-image-131\" src=\"https:\/\/www.tolikhlav.cz\/wp-content\/uploads\/2015\/03\/Jan-Dolansky.jpg\" alt=\"Jan-Dolansky\" width=\"119\" height=\"158\" srcset=\"https:\/\/www.tolikhlav.cz\/wp-content\/uploads\/2015\/03\/Jan-Dolansky.jpg 345w, https:\/\/www.tolikhlav.cz\/wp-content\/uploads\/2015\/03\/Jan-Dolansky-225x300.jpg 225w\" sizes=\"auto, (max-width: 119px) 100vw, 119px\" \/>Jan Dolansk\u00fd<br \/>\n<\/b><\/p>\n<p style=\"text-align: justify;\">Absolvent Pra\u017esk\u00e9 konzervato\u0159e \u2013 hudebn\u011b dramatick\u00fd obor. Herec \u00fa\u010dinkuj\u00edc\u00ed na sc\u00e9n\u011b N\u00e1rodn\u00edho divadla a dal\u0161\u00edch divadel v Praze. Z televize je zn\u00e1m ze seri\u00e1l\u016f Expozitura, Hospoda, Cesty dom\u016f, Leti\u0161t\u011b a dal\u0161\u00ed.Z filmografie zm\u00edn\u00edme Sametov\u00ed vrazi, L\u00edb\u00e1\u0161 jako B\u016fh, Bathory a dal\u0161\u00ed.<\/p>\n<p>&nbsp;<\/p>\n<p>&nbsp;<\/p>\n<hr \/>\n<p><b><br \/>\n<img loading=\"lazy\" decoding=\"async\" class=\"alignleft wp-image-137\" src=\"https:\/\/www.tolikhlav.cz\/wp-content\/uploads\/2015\/03\/Zdena-Hadrbolcova_web.jpg\" alt=\"Zdena-Hadrbolcova_web\" width=\"120\" height=\"160\" srcset=\"https:\/\/www.tolikhlav.cz\/wp-content\/uploads\/2015\/03\/Zdena-Hadrbolcova_web.jpg 345w, https:\/\/www.tolikhlav.cz\/wp-content\/uploads\/2015\/03\/Zdena-Hadrbolcova_web-225x300.jpg 225w\" sizes=\"auto, (max-width: 120px) 100vw, 120px\" \/>Zdena Hadrbolcov\u00e1<\/b><\/p>\n<p style=\"text-align: justify;\">Here\u010dka a sc\u00e9n\u00e1ristka, absolventka DAMU. Do roku 2013 nato\u010dila 112 film\u016f a 18 televizn\u00edch seri\u00e1l\u016f. P\u016fsob\u00ed v\u00a0divadle Na z\u00e1bradl\u00ed, Divadle pod Palmovkou a dal\u0161\u00edch pra\u017esk\u00fdch divadlech. Z\u00a0televize je zn\u00e1m\u00e1 nap\u0159\u00edklad ze seri\u00e1lu Ulice, Redakce, Arabela, Sanitka a dal\u0161\u00ed. Z filmov\u00e9 tvorby je to Probud\u00edm se v\u010dera, N\u00e1vrat idiota, U\u017e zase sk\u00e1\u010du p\u0159es kalu\u017ee a \u0159ada dal\u0161\u00edch.<\/p>\n<p>&nbsp;<\/p>\n<hr \/>\n<p><b><img loading=\"lazy\" decoding=\"async\" class=\"alignleft wp-image-148 \" src=\"https:\/\/www.tolikhlav.cz\/wp-content\/uploads\/2015\/03\/Kristyna-Leichtova_web1.jpg\" alt=\"\" width=\"120\" height=\"160\" srcset=\"https:\/\/www.tolikhlav.cz\/wp-content\/uploads\/2015\/03\/Kristyna-Leichtova_web1.jpg 345w, https:\/\/www.tolikhlav.cz\/wp-content\/uploads\/2015\/03\/Kristyna-Leichtova_web1-225x300.jpg 225w\" sizes=\"auto, (max-width: 120px) 100vw, 120px\" \/>Krist\u00fdna Leichtov\u00e1<\/b><\/p>\n<p style=\"text-align: justify;\">Absolventka Pra\u017esk\u00e9 konzervato\u0159e \u2013 hudebn\u011b dramatick\u00fd obor. Here\u010dka \u00fa\u010dinkuj\u00edc\u00ed na p\u0159edn\u00edch divadeln\u00edch sc\u00e9n\u00e1ch \u2013 N\u00e1rodn\u00ed divadlo, divadlo Na z\u00e1bradl\u00ed, divadlo Komedie a dal\u0161\u00ed. Z televizn\u00edch seri\u00e1l\u016f je zn\u00e1m\u00e1 p\u0159edev\u0161\u00edm z Comebacku, Cest dom\u016f, Soukrom\u00e9 pasti&#8230;.. Filmografie: \u00da\u010dastn\u00edci z\u00e1jezdu, Bastardi, \u017dralok v hlav\u011b a dal\u0161\u00ed.<\/p>\n<p>&nbsp;<\/p>\n<hr \/>\n<p style=\"text-align: justify;\"><strong>Na divadeln\u00ed h\u0159e se d\u00e1le pod\u00edlej\u00ed:<\/strong> Darina Korandov\u00e1 (asistent re\u017eie), Ivana Sl\u00e1mov\u00e1 (dramaturgyn\u011b), Michal Hons (produkce, zvuk, zvukov\u00e1 \u00faprava), Milan David (sc\u00e9nografie, v\u00fdprava), Jana \u010c\u00e1stkov\u00e1 (sv\u011bteln\u00fd design).<\/p>\n<hr \/>\n<p>&nbsp;<\/p>\n","protected":false},"excerpt":{"rendered":"<p>Jan Dolansk\u00fd Absolvent Pra\u017esk\u00e9 konzervato\u0159e \u2013 hudebn\u011b dramatick\u00fd obor. Herec \u00fa\u010dinkuj\u00edc\u00ed na sc\u00e9n\u011b N\u00e1rodn\u00edho divadla a dal\u0161\u00edch divadel v Praze. Z televize je zn\u00e1m ze seri\u00e1l\u016f Expozitura, Hospoda, Cesty dom\u016f, Leti\u0161t\u011b a dal\u0161\u00ed.Z filmografie zm\u00edn\u00edme Sametov\u00ed vrazi, L\u00edb\u00e1\u0161 jako B\u016fh, Bathory a dal\u0161\u00ed. &nbsp; &nbsp; Zdena Hadrbolcov\u00e1 Here\u010dka a sc\u00e9n\u00e1ristka, absolventka DAMU. Do roku 2013 &hellip; <a href=\"https:\/\/www.tolikhlav.cz\/?page_id=34\" class=\"more-link\">Pokra\u010dov\u00e1n\u00ed textu <span class=\"screen-reader-text\">Hereck\u00e9 Obsazen\u00ed<\/span> <span class=\"meta-nav\">&rarr;<\/span><\/a><\/p>\n","protected":false},"author":1,"featured_media":0,"parent":0,"menu_order":2,"comment_status":"closed","ping_status":"closed","template":"","meta":{"footnotes":""},"class_list":["post-34","page","type-page","status-publish","hentry"],"_links":{"self":[{"href":"https:\/\/www.tolikhlav.cz\/index.php?rest_route=\/wp\/v2\/pages\/34","targetHints":{"allow":["GET"]}}],"collection":[{"href":"https:\/\/www.tolikhlav.cz\/index.php?rest_route=\/wp\/v2\/pages"}],"about":[{"href":"https:\/\/www.tolikhlav.cz\/index.php?rest_route=\/wp\/v2\/types\/page"}],"author":[{"embeddable":true,"href":"https:\/\/www.tolikhlav.cz\/index.php?rest_route=\/wp\/v2\/users\/1"}],"replies":[{"embeddable":true,"href":"https:\/\/www.tolikhlav.cz\/index.php?rest_route=%2Fwp%2Fv2%2Fcomments&post=34"}],"version-history":[{"count":41,"href":"https:\/\/www.tolikhlav.cz\/index.php?rest_route=\/wp\/v2\/pages\/34\/revisions"}],"predecessor-version":[{"id":1275,"href":"https:\/\/www.tolikhlav.cz\/index.php?rest_route=\/wp\/v2\/pages\/34\/revisions\/1275"}],"wp:attachment":[{"href":"https:\/\/www.tolikhlav.cz\/index.php?rest_route=%2Fwp%2Fv2%2Fmedia&parent=34"}],"curies":[{"name":"wp","href":"https:\/\/api.w.org\/{rel}","templated":true}]}}