{"id":38,"date":"2015-03-08T15:09:32","date_gmt":"2015-03-08T15:09:32","guid":{"rendered":"http:\/\/www.tolikhlav.cz\/?page_id=38"},"modified":"2019-01-07T08:43:04","modified_gmt":"2019-01-07T08:43:04","slug":"media","status":"publish","type":"page","link":"https:\/\/www.tolikhlav.cz\/?page_id=38","title":{"rendered":"M\u00e9dia"},"content":{"rendered":"<h1><b>Tiskov\u00e1 zpr\u00e1va<\/b><b>\u00a0\u00a0<img loading=\"lazy\" decoding=\"async\" class=\"wp-image-802 alignnone\" src=\"https:\/\/www.tolikhlav.cz\/wp-content\/uploads\/2015\/03\/logo-zakladni-barva-e1479897624321-150x96.png\" alt=\"\" width=\"145\" height=\"92\" \/><\/b><b>\u00a0 \u00a0 \u00a0 \u00a0 \u00a0 \u00a0 \u00a0 \u00a0 \u00a0 \u00a0\u00a0<\/b><\/h1>\n<p><b><i>\u00dasp\u011b\u0161n\u00e1 divadeln\u00ed hra Kamila St\u0159ihavky\u00a0<\/i><\/b><b><i>TOLIK HLAV<\/i><\/b><b><i>\u00a0slav\u00ed dvoulet\u00e9 v\u00fdro\u010d\u00ed<\/i><\/b><\/p>\n<hr \/>\n<p><b><i>\u00a0<img loading=\"lazy\" decoding=\"async\" class=\"wp-image-91 alignleft\" src=\"https:\/\/www.tolikhlav.cz\/wp-content\/uploads\/2015\/03\/home-page-1024x578.jpg\" alt=\"\" width=\"418\" height=\"236\" srcset=\"https:\/\/www.tolikhlav.cz\/wp-content\/uploads\/2015\/03\/home-page-1024x578.jpg 1024w, https:\/\/www.tolikhlav.cz\/wp-content\/uploads\/2015\/03\/home-page-300x169.jpg 300w, https:\/\/www.tolikhlav.cz\/wp-content\/uploads\/2015\/03\/home-page.jpg 1600w\" sizes=\"auto, (max-width: 418px) 100vw, 418px\" \/>Divadeln\u00ed hra Kamila St\u0159ihavky TOLIK HLAV slav\u00ed dva roky od premi\u00e9ry. V\u00fdro\u010dn\u00ed p\u0159edstaven\u00ed mohou div\u00e1ci zhl\u00e9dnout 17. dubna od 19:00 hodin v\u00a0pra\u017esk\u00e9m divadle Metro.<\/i><\/b><\/p>\n<p>Kamil St\u0159ihavka, rockov\u00fd zp\u011bv\u00e1k, p\u0159edstavitel tituln\u00ed role v\u00a0legend\u00e1rn\u00ed rockov\u00e9 ope\u0159e Jesus Christ Superstar, frontman rockov\u00fdch seskupen\u00ed Leaders!, B.S.P. \u010di Supergroup, p\u0159ichystal sv\u00fdm fanou\u0161k\u016fm \u2013 a nejen jim! \u2013 origin\u00e1ln\u00ed p\u0159ekvapen\u00ed. Rozhodl se toti\u017e zrealizovat dal\u0161\u00ed ze sv\u00fdch sn\u016f a p\u0159ich\u00e1z\u00ed s\u00a0divadeln\u00ed prvotinou, kterou je \u010dinohern\u00ed p\u0159edstaven\u00ed\u00a0<b>TOLIK HLAV<\/b>. Premi\u00e9ra prob\u011bhla 26. dubna 2015 v\u00a0pra\u017esk\u00e9 Bar\u00e1\u010dnick\u00e9 rycht\u011b.<\/p>\n<p>Divadeln\u00ed hra\u00a0<b>TOLIK HLAV<\/b>\u00a0je ho\u0159k\u00e1 komedie o p\u0159\u00e1telstv\u00ed, odv\u00e1\u017en\u00fdch snech a l\u00e1sce k\u00a0big beatu na p\u0159elomu 70. A 80. let v\u00a0tehdej\u0161\u00edm \u010ceskoslovensku. \u201eR\u00e1d bych dal p\u0159ivon\u011bt k\u00a0t\u00e9to dob\u011b nejen sou\u010dasn\u00e9 mlad\u00e9 generaci o\u010dima jejich vrstevn\u00edk\u016f, ale i v\u0161em, kte\u0159\u00ed maj\u00ed tato l\u00e9ta je\u0161t\u011b v\u00a0pam\u011bti,\u201c \u0159\u00edk\u00e1 autor.<\/p>\n<p>Nab\u00eddku z\u00fa\u010dastnit se tohoto divadeln\u00edho projektu p\u0159ijali hereck\u00e9 hv\u011bzdy\u00a0<b>Zdena Hadrbolcov\u00e1<\/b>,\u00a0<b>Krist\u00fdna Leichtov\u00e1<\/b>,\u00a0<b>Jan Dolansk\u00fd<\/b>\u00a0a\u00a0<b>Jan Zadra\u017eil<\/b>, dopln\u011bn\u00e9 p\u0159ekvapiv\u00fdm slo\u017een\u00edm epizodn\u00edch postav a jemn\u011b propracovanou hudebn\u00ed dramaturgi\u00ed.<\/p>\n<p>Domovskou sc\u00e9nou pro inscenaci\u00a0<b>TOLIK HLAV<\/b>\u00a0se stalo od roku 2016 divadlo Metro na N\u00e1rodn\u00ed t\u0159\u00edd\u011b (N\u00e1rodn\u00ed 25, Praha 1). Na divadeln\u00ed h\u0159e se d\u00e1le pod\u00edlej\u00ed: Darina Korandov\u00e1 (asistent re\u017eie), Ivana Sl\u00e1mov\u00e1 (dramaturgie), Michal Hons (produkce), Milan David (sc\u00e9na), Martin Semeck\u00fd (sv\u011bteln\u00fd design), Michal Hons (zvuk, zvukov\u00e1 \u00faprava).<img loading=\"lazy\" decoding=\"async\" class=\"size-medium wp-image-100 alignright\" src=\"https:\/\/www.tolikhlav.cz\/wp-content\/uploads\/2015\/03\/Kamil_web-200x300.jpg\" alt=\"\" width=\"200\" height=\"300\" srcset=\"https:\/\/www.tolikhlav.cz\/wp-content\/uploads\/2015\/03\/Kamil_web-200x300.jpg 200w, https:\/\/www.tolikhlav.cz\/wp-content\/uploads\/2015\/03\/Kamil_web.jpg 1024w\" sizes=\"auto, (max-width: 200px) 100vw, 200px\" \/><\/p>\n<p><b><i>Videopozv\u00e1nka na v\u00fdro\u010dn\u00ed p\u0159edstaven\u00ed:\u00a0<\/i><\/b><a href=\"https:\/\/youtu.be\/T7qRHq8zjXg\" target=\"_blank\" rel=\"noopener\"><b><i>https:\/\/youtu.be\/T7qRHq8zjXg<\/i><\/b><\/a><b><i>\u00a0<\/i><\/b><\/p>\n<p><b><i>Vstupenky lze zakoupit v\u00a0s\u00edti TICKETPORTAL.<\/i><\/b><\/p>\n<p><b><i>\u00a0<\/i><\/b><b><i>Odkaz<\/i><\/b><i>:<\/i><b><i>\u00a0<\/i><\/b><a href=\"http:\/\/www.ticketportal.cz\/performance.aspx?idp=1315267\" target=\"_blank\" rel=\"noopener\"><b><i>http:\/\/www.ticketportal.cz\/performance.aspx?idp=1315267<\/i><\/b><\/a><\/p>\n<p><b><i>Ofici\u00e1ln\u00ed webov\u00e1 prezentace: \u00a0\u00a0<\/i><\/b><a href=\"https:\/\/www.tolikhlav.cz\"><b><i>www.tolikhlav.cz<\/i><\/b><\/a><\/p>\n<p><a href=\"http:\/\/www.facebook.com\/tolikhlav\" target=\"_blank\" rel=\"noopener\"><img loading=\"lazy\" decoding=\"async\" class=\"alignnone wp-image-967\" src=\"https:\/\/www.tolikhlav.cz\/wp-content\/uploads\/2015\/03\/Screenshot-2017-03-21-21.19.17.png\" alt=\"\" width=\"144\" height=\"50\" \/><\/a><\/p>\n<p><b><i><a href=\"http:\/\/www.facebook.com\/tolikhlav\" target=\"_blank\" rel=\"noopener\">www.facebook.com\/tolikhlav<\/a><\/i><\/b><\/p>\n<hr \/>\n<p>&nbsp;<\/p>\n<div class=\"su-tabs su-tabs-style-default su-tabs-mobile-stack\" data-active=\"1\" data-scroll-offset=\"0\" data-anchor-in-url=\"no\"><div class=\"su-tabs-nav\"><span class=\"\" data-url=\"\" data-target=\"blank\" tabindex=\"0\" role=\"button\">Show Jana Krause 5.10.2016<\/span><span class=\"\" data-url=\"\" data-target=\"blank\" tabindex=\"0\" role=\"button\">Official Teaser 2016<\/span><span class=\"\" data-url=\"\" data-target=\"blank\" tabindex=\"0\" role=\"button\">Official Teaser 2<\/span><span class=\"\" data-url=\"\" data-target=\"blank\" tabindex=\"0\" role=\"button\">Official Teaser 1<\/span><span class=\"\" data-url=\"\" data-target=\"blank\" tabindex=\"0\" role=\"button\">Den\u00edk.cz 29.5.2015<\/span><span class=\"\" data-url=\"\" data-target=\"blank\" tabindex=\"0\" role=\"button\">T\u00fdden.cz 21.5.2015<\/span><span class=\"\" data-url=\"\" data-target=\"blank\" tabindex=\"0\" role=\"button\">Metro.cz 29.4.2015<\/span><span class=\"\" data-url=\"\" data-target=\"blank\" tabindex=\"0\" role=\"button\">Novinky.cz 27.4.2015<\/span><span class=\"\" data-url=\"\" data-target=\"blank\" tabindex=\"0\" role=\"button\">Rozhlas.cz 26.4.2015<\/span><span class=\"\" data-url=\"\" data-target=\"blank\" tabindex=\"0\" role=\"button\">V\u0161echnop\u00e1rty 27.3.2015<\/span><span class=\"\" data-url=\"\" data-target=\"blank\" tabindex=\"0\" role=\"button\">Reflex.cz 21.3.2015<\/span><span class=\"\" data-url=\"\" data-target=\"blank\" tabindex=\"0\" role=\"button\">Prazsky.denik.cz 20.3.2015<\/span><span class=\"\" data-url=\"\" data-target=\"blank\" tabindex=\"0\" role=\"button\">T\u00fdden.cz 20.3.2015<\/span><span class=\"\" data-url=\"\" data-target=\"blank\" tabindex=\"0\" role=\"button\">Blesk.cz 20.3.2015<\/span><span class=\"\" data-url=\"\" data-target=\"blank\" tabindex=\"0\" role=\"button\">Novinky.cz 19.3.2015<\/span><span class=\"\" data-url=\"\" data-target=\"blank\" tabindex=\"0\" role=\"button\">Musicfoto.net 19.3.2015<\/span><span class=\"\" data-url=\"\" data-target=\"blank\" tabindex=\"0\" role=\"button\">Den\u00edk Metro 13.3.2015<\/span><\/div><div class=\"su-tabs-panes\"><div class=\"su-tabs-pane su-u-clearfix su-u-trim\" data-title=\"Show Jana Krause 5.10.2016\">\n<div class=\"su-youtube su-u-responsive-media-yes\"><iframe loading=\"lazy\" width=\"560\" height=\"400\" src=\"https:\/\/www.youtube.com\/embed\/KdmiIubwsvQ?\" frameborder=\"0\" allowfullscreen allow=\"autoplay; encrypted-media; picture-in-picture\" title=\"\"><\/iframe><\/div>\n<\/div>\n<div class=\"su-tabs-pane su-u-clearfix su-u-trim\" data-title=\"Official Teaser 2016\">\n<div class=\"su-vimeo su-u-responsive-media-yes\"><iframe loading=\"lazy\" width=\"560\" height=\"400\" src=\"\/\/player.vimeo.com\/video\/181376874?title=0&amp;byline=0&amp;portrait=0&amp;color=ffffff&amp;autoplay=0&amp;dnt=0&amp;muted=0&amp;texttrack=\" frameborder=\"0\" allow=\"autoplay; fullscreen\" allowfullscreen title=\"\"><\/iframe><\/div>\n<p>video: Adam Koller<\/p>\n<\/div>\n<div class=\"su-tabs-pane su-u-clearfix su-u-trim\" data-title=\"Official Teaser 2\">\n<div class=\"su-vimeo su-u-responsive-media-yes\"><iframe loading=\"lazy\" width=\"560\" height=\"400\" src=\"\/\/player.vimeo.com\/video\/125391933?title=0&amp;byline=0&amp;portrait=0&amp;color=ffffff&amp;autoplay=0&amp;dnt=0&amp;muted=0&amp;texttrack=\" frameborder=\"0\" allow=\"autoplay; fullscreen\" allowfullscreen title=\"\"><\/iframe><\/div>\nvideo: Adam Koller<\/p>\n<\/div>\n<div class=\"su-tabs-pane su-u-clearfix su-u-trim\" data-title=\"Official Teaser 1\">\n<div class=\"su-vimeo su-u-responsive-media-yes\"><iframe loading=\"lazy\" width=\"560\" height=\"400\" src=\"\/\/player.vimeo.com\/video\/126237649?title=0&amp;byline=0&amp;portrait=0&amp;color=ffffff&amp;autoplay=0&amp;dnt=0&amp;muted=0&amp;texttrack=\" frameborder=\"0\" allow=\"autoplay; fullscreen\" allowfullscreen title=\"\"><\/iframe><\/div>\nvideo: Adam Koller<\/p>\n<\/div>\n<div class=\"su-tabs-pane su-u-clearfix su-u-trim\" data-title=\"Den\u00edk.cz 29.5.2015\">\n<p><a href=\"http:\/\/www.denik.cz\/divadlo\/kamil-strihavka-semkli-jsme-se-pracujeme-pro-cirou-radost-20150529.html\" target=\"_blank\" rel=\"noopener\"><img loading=\"lazy\" decoding=\"async\" class=\"aligncenter wp-image-397 \" src=\"https:\/\/www.tolikhlav.cz\/wp-content\/uploads\/2015\/03\/denik-211x300.png\" alt=\"denik\" width=\"334\" height=\"475\" srcset=\"https:\/\/www.tolikhlav.cz\/wp-content\/uploads\/2015\/03\/denik-211x300.png 211w, https:\/\/www.tolikhlav.cz\/wp-content\/uploads\/2015\/03\/denik.png 666w\" sizes=\"auto, (max-width: 334px) 100vw, 334px\" \/><\/a><\/p>\n<\/div>\n<div class=\"su-tabs-pane su-u-clearfix su-u-trim\" data-title=\"T\u00fdden.cz 21.5.2015\">\n<p><a href=\"http:\/\/www.tyden.cz\/rubriky\/kultura\/divadlo\/tolik-hlav-debutujici-reziser-kamil-strihavka-sklizi-uspech_343548.html#.VWBw6WB93QJ\" target=\"_blank\" rel=\"noopener\"><img loading=\"lazy\" decoding=\"async\" class=\"aligncenter wp-image-380 \" src=\"https:\/\/www.tolikhlav.cz\/wp-content\/uploads\/2015\/03\/tyden_cz2-238x300.jpg\" alt=\"tyden_cz2\" width=\"380\" height=\"479\" srcset=\"https:\/\/www.tolikhlav.cz\/wp-content\/uploads\/2015\/03\/tyden_cz2-238x300.jpg 238w, https:\/\/www.tolikhlav.cz\/wp-content\/uploads\/2015\/03\/tyden_cz2.jpg 571w\" sizes=\"auto, (max-width: 380px) 100vw, 380px\" \/><\/a><\/p>\n<\/div>\n<div class=\"su-tabs-pane su-u-clearfix su-u-trim\" data-title=\"Metro.cz 29.4.2015\">\n<p><a href=\"http:\/\/www.metro.cz\/kamil-strihavka-jako-reziser-jeho-hra-tolik-hlav-nuti-k-zamysleni-pyh-\/metro-extra.aspx?c=A150429_074424_metro-extra_jsk\" target=\"_blank\" rel=\"noopener\"><img loading=\"lazy\" decoding=\"async\" class=\"aligncenter wp-image-352 \" src=\"https:\/\/www.tolikhlav.cz\/wp-content\/uploads\/2015\/03\/metro_cz-237x300.jpg\" alt=\"metro_cz\" width=\"427\" height=\"541\" srcset=\"https:\/\/www.tolikhlav.cz\/wp-content\/uploads\/2015\/03\/metro_cz-237x300.jpg 237w, https:\/\/www.tolikhlav.cz\/wp-content\/uploads\/2015\/03\/metro_cz.jpg 676w\" sizes=\"auto, (max-width: 427px) 100vw, 427px\" \/><\/a><\/p>\n<\/div>\n<div class=\"su-tabs-pane su-u-clearfix su-u-trim\" data-title=\"Novinky.cz 27.4.2015\">\n<p><a href=\"http:\/\/www.novinky.cz\/kultura\/368070-splneny-divadelni-sen-kamila-strihavky.html\" target=\"_blank\" rel=\"noopener\"><img loading=\"lazy\" decoding=\"async\" class=\"aligncenter wp-image-348 \" src=\"https:\/\/www.tolikhlav.cz\/wp-content\/uploads\/2015\/03\/novinky_cz-300x242.jpg\" alt=\"novinky_cz\" width=\"666\" height=\"538\" srcset=\"https:\/\/www.tolikhlav.cz\/wp-content\/uploads\/2015\/03\/novinky_cz-300x242.jpg 300w, https:\/\/www.tolikhlav.cz\/wp-content\/uploads\/2015\/03\/novinky_cz.jpg 1001w\" sizes=\"auto, (max-width: 666px) 100vw, 666px\" \/><\/a><\/p>\n<\/div>\n<div class=\"su-tabs-pane su-u-clearfix su-u-trim\" data-title=\"Rozhlas.cz 26.4.2015\">\n<p><a href=\"http:\/\/www.rozhlas.cz\/zpravy\/divadlo\/_zprava\/kamil-strihavka-uvadi-vlastni-hru-tolik-hlav-doufa-i-v-jeji-zfilmovani--1482847\" target=\"_blank\" rel=\"noopener\"><img loading=\"lazy\" decoding=\"async\" class=\"aligncenter wp-image-347 \" src=\"https:\/\/www.tolikhlav.cz\/wp-content\/uploads\/2015\/03\/rozhlas_cz-247x300.jpg\" alt=\"rozhlas_cz\" width=\"479\" height=\"582\" srcset=\"https:\/\/www.tolikhlav.cz\/wp-content\/uploads\/2015\/03\/rozhlas_cz-247x300.jpg 247w, https:\/\/www.tolikhlav.cz\/wp-content\/uploads\/2015\/03\/rozhlas_cz.jpg 649w\" sizes=\"auto, (max-width: 479px) 100vw, 479px\" \/><\/a><\/p>\n<\/div>\n<div class=\"su-tabs-pane su-u-clearfix su-u-trim\" data-title=\"V\u0161echnop\u00e1rty 27.3.2015\">\n<p><a href=\"http:\/\/www.ceskatelevize.cz\/ivysilani\/10090925908-vsechnoparty\/215522161600012\" target=\"_blank\" rel=\"noopener\"><img loading=\"lazy\" decoding=\"async\" class=\"aligncenter wp-image-284 \" src=\"https:\/\/www.tolikhlav.cz\/wp-content\/uploads\/2015\/03\/vsechnoparty-300x169.png\" alt=\"vsechnoparty\" width=\"586\" height=\"330\" srcset=\"https:\/\/www.tolikhlav.cz\/wp-content\/uploads\/2015\/03\/vsechnoparty-300x169.png 300w, https:\/\/www.tolikhlav.cz\/wp-content\/uploads\/2015\/03\/vsechnoparty.png 712w\" sizes=\"auto, (max-width: 586px) 100vw, 586px\" \/><\/a><\/p>\n<\/div>\n<div class=\"su-tabs-pane su-u-clearfix su-u-trim\" data-title=\"Reflex.cz 21.3.2015\">\n<p><a href=\"http:\/\/www.reflex.cz\/clanek\/kultura\/63005\/rocker-strihavka-reziruje-divadelni-hru-ktera-se-odehrava-v-dobach-komunismu.html\" target=\"_blank\" rel=\"noopener\"><img loading=\"lazy\" decoding=\"async\" class=\"aligncenter wp-image-287 \" src=\"https:\/\/www.tolikhlav.cz\/wp-content\/uploads\/2015\/03\/reflex-256x300.png\" alt=\"reflex\" width=\"408\" height=\"478\" srcset=\"https:\/\/www.tolikhlav.cz\/wp-content\/uploads\/2015\/03\/reflex-256x300.png 256w, https:\/\/www.tolikhlav.cz\/wp-content\/uploads\/2015\/03\/reflex.png 533w\" sizes=\"auto, (max-width: 408px) 100vw, 408px\" \/><\/a><\/p>\n<\/div>\n<div class=\"su-tabs-pane su-u-clearfix su-u-trim\" data-title=\"Prazsky.denik.cz 20.3.2015\">\n<p><a href=\"http:\/\/prazsky.denik.cz\/kultura_region\/zpevak-kamil-strihavka-se-predstavi-jako-divadelni-autor-a-reziser-20150320.html\" target=\"_blank\" rel=\"noopener\"><img loading=\"lazy\" decoding=\"async\" class=\"aligncenter wp-image-286 \" src=\"https:\/\/www.tolikhlav.cz\/wp-content\/uploads\/2015\/03\/prazsky-denik-219x300.png\" alt=\"prazsky denik\" width=\"369\" height=\"505\" srcset=\"https:\/\/www.tolikhlav.cz\/wp-content\/uploads\/2015\/03\/prazsky-denik-219x300.png 219w, https:\/\/www.tolikhlav.cz\/wp-content\/uploads\/2015\/03\/prazsky-denik.png 664w\" sizes=\"auto, (max-width: 369px) 100vw, 369px\" \/><\/a><\/p>\n<\/div>\n<div class=\"su-tabs-pane su-u-clearfix su-u-trim\" data-title=\"T\u00fdden.cz 20.3.2015\">\n<p><a href=\"http:\/\/www.tyden.cz\/rubriky\/kultura\/divadlo\/kamil-strihavka-si-strihnul-divadelni-hru_336980.html#.VSK-rVx_uyr\"><img loading=\"lazy\" decoding=\"async\" class=\"aligncenter wp-image-303\" src=\"https:\/\/www.tolikhlav.cz\/wp-content\/uploads\/2015\/03\/tyden_cz-279x300.jpg\" alt=\"tyden_cz\" width=\"461\" height=\"496\" srcset=\"https:\/\/www.tolikhlav.cz\/wp-content\/uploads\/2015\/03\/tyden_cz-279x300.jpg 279w, https:\/\/www.tolikhlav.cz\/wp-content\/uploads\/2015\/03\/tyden_cz.jpg 583w\" sizes=\"auto, (max-width: 461px) 100vw, 461px\" \/><\/a><\/p>\n<\/div>\n<div class=\"su-tabs-pane su-u-clearfix su-u-trim\" data-title=\"Blesk.cz 20.3.2015\">\n<p><a href=\"http:\/\/www.blesk.cz\/clanek\/live-zajimavosti\/309060\/zpevak-kamil-strihavka-se-predstavi-jako-divadelni-autor.html\" target=\"_blank\" rel=\"noopener\"><img loading=\"lazy\" decoding=\"async\" class=\"aligncenter wp-image-278 \" src=\"https:\/\/www.tolikhlav.cz\/wp-content\/uploads\/2015\/03\/Tolikhlav-bleskcz-2-300x262.png\" alt=\"Tolikhlav-bleskcz-2\" width=\"502\" height=\"438\" srcset=\"https:\/\/www.tolikhlav.cz\/wp-content\/uploads\/2015\/03\/Tolikhlav-bleskcz-2-300x262.png 300w, https:\/\/www.tolikhlav.cz\/wp-content\/uploads\/2015\/03\/Tolikhlav-bleskcz-2.png 600w\" sizes=\"auto, (max-width: 502px) 100vw, 502px\" \/><\/a><\/p>\n<\/div>\n<div class=\"su-tabs-pane su-u-clearfix su-u-trim\" data-title=\"Novinky.cz 19.3.2015\">\n<p><a href=\"http:\/\/www.novinky.cz\/kultura\/364677-kamil-strihavka-napsal-divadelni-hru-a-debutuje-jako-reziser.html\" target=\"_blank\" rel=\"noopener\"><img loading=\"lazy\" decoding=\"async\" class=\"aligncenter wp-image-273 \" src=\"https:\/\/www.tolikhlav.cz\/wp-content\/uploads\/2015\/03\/TolikHlav-novinkycz_web-271x300.png\" alt=\"TolikHlav-novinkycz_web\" width=\"404\" height=\"447\" srcset=\"https:\/\/www.tolikhlav.cz\/wp-content\/uploads\/2015\/03\/TolikHlav-novinkycz_web-271x300.png 271w, https:\/\/www.tolikhlav.cz\/wp-content\/uploads\/2015\/03\/TolikHlav-novinkycz_web.png 600w\" sizes=\"auto, (max-width: 404px) 100vw, 404px\" \/><\/a><\/p>\n<\/div>\n<div class=\"su-tabs-pane su-u-clearfix su-u-trim\" data-title=\"Musicfoto.net 19.3.2015\">\n<p><a href=\"http:\/\/www.musicfoto.net\/kamil-strihavka-v-roli-autora-a-rezisera-divadelni-hry-tolik-hlav\/\" target=\"_blank\" rel=\"noopener\"><img loading=\"lazy\" decoding=\"async\" class=\"aligncenter wp-image-306 \" src=\"https:\/\/www.tolikhlav.cz\/wp-content\/uploads\/2015\/03\/musicfoto_cz-162x300.jpg\" alt=\"musicfoto_cz\" width=\"331\" height=\"613\" srcset=\"https:\/\/www.tolikhlav.cz\/wp-content\/uploads\/2015\/03\/musicfoto_cz-162x300.jpg 162w, https:\/\/www.tolikhlav.cz\/wp-content\/uploads\/2015\/03\/musicfoto_cz.jpg 681w\" sizes=\"auto, (max-width: 331px) 100vw, 331px\" \/><\/a><\/p>\n<\/div>\n<div class=\"su-tabs-pane su-u-clearfix su-u-trim\" data-title=\"Den\u00edk Metro 13.3.2015\"><a href=\"https:\/\/www.tolikhlav.cz\/wp-content\/uploads\/2015\/03\/metro_web.jpg\"><img loading=\"lazy\" decoding=\"async\" class=\" wp-image-245 aligncenter\" src=\"https:\/\/www.tolikhlav.cz\/wp-content\/uploads\/2015\/03\/metro_web-229x300.jpg\" alt=\"metro_web\" width=\"359\" height=\"471\" srcset=\"https:\/\/www.tolikhlav.cz\/wp-content\/uploads\/2015\/03\/metro_web-229x300.jpg 229w, https:\/\/www.tolikhlav.cz\/wp-content\/uploads\/2015\/03\/metro_web.jpg 1000w\" sizes=\"auto, (max-width: 359px) 100vw, 359px\" \/><\/a><\/div><\/div><\/div>\n<p>&nbsp;<\/p>\n<p>&nbsp;<\/p>\n<p>&nbsp;<\/p>\n<p>&nbsp;<\/p>\n<p>&nbsp;<\/p>\n<p>&nbsp;<\/p>\n<p>&nbsp;<\/p>\n<p>&nbsp;<\/p>\n<p>&nbsp;<\/p>\n","protected":false},"excerpt":{"rendered":"<p>Tiskov\u00e1 zpr\u00e1va\u00a0\u00a0\u00a0 \u00a0 \u00a0 \u00a0 \u00a0 \u00a0 \u00a0 \u00a0 \u00a0 \u00a0\u00a0 \u00dasp\u011b\u0161n\u00e1 divadeln\u00ed hra Kamila St\u0159ihavky\u00a0TOLIK HLAV\u00a0slav\u00ed dvoulet\u00e9 v\u00fdro\u010d\u00ed \u00a0Divadeln\u00ed hra Kamila St\u0159ihavky TOLIK HLAV slav\u00ed dva roky od premi\u00e9ry. V\u00fdro\u010dn\u00ed p\u0159edstaven\u00ed mohou div\u00e1ci zhl\u00e9dnout 17. dubna od 19:00 hodin v\u00a0pra\u017esk\u00e9m divadle Metro. Kamil St\u0159ihavka, rockov\u00fd zp\u011bv\u00e1k, p\u0159edstavitel tituln\u00ed role v\u00a0legend\u00e1rn\u00ed rockov\u00e9 ope\u0159e Jesus Christ &hellip; <a href=\"https:\/\/www.tolikhlav.cz\/?page_id=38\" class=\"more-link\">Pokra\u010dov\u00e1n\u00ed textu <span class=\"screen-reader-text\">M\u00e9dia<\/span> <span class=\"meta-nav\">&rarr;<\/span><\/a><\/p>\n","protected":false},"author":1,"featured_media":0,"parent":0,"menu_order":4,"comment_status":"closed","ping_status":"closed","template":"","meta":{"footnotes":""},"class_list":["post-38","page","type-page","status-publish","hentry"],"_links":{"self":[{"href":"https:\/\/www.tolikhlav.cz\/index.php?rest_route=\/wp\/v2\/pages\/38","targetHints":{"allow":["GET"]}}],"collection":[{"href":"https:\/\/www.tolikhlav.cz\/index.php?rest_route=\/wp\/v2\/pages"}],"about":[{"href":"https:\/\/www.tolikhlav.cz\/index.php?rest_route=\/wp\/v2\/types\/page"}],"author":[{"embeddable":true,"href":"https:\/\/www.tolikhlav.cz\/index.php?rest_route=\/wp\/v2\/users\/1"}],"replies":[{"embeddable":true,"href":"https:\/\/www.tolikhlav.cz\/index.php?rest_route=%2Fwp%2Fv2%2Fcomments&post=38"}],"version-history":[{"count":72,"href":"https:\/\/www.tolikhlav.cz\/index.php?rest_route=\/wp\/v2\/pages\/38\/revisions"}],"predecessor-version":[{"id":1276,"href":"https:\/\/www.tolikhlav.cz\/index.php?rest_route=\/wp\/v2\/pages\/38\/revisions\/1276"}],"wp:attachment":[{"href":"https:\/\/www.tolikhlav.cz\/index.php?rest_route=%2Fwp%2Fv2%2Fmedia&parent=38"}],"curies":[{"name":"wp","href":"https:\/\/api.w.org\/{rel}","templated":true}]}}