{"id":54,"date":"2015-03-08T15:48:36","date_gmt":"2015-03-08T15:48:36","guid":{"rendered":"http:\/\/www.tolikhlav.cz\/?page_id=54"},"modified":"2019-01-07T08:39:33","modified_gmt":"2019-01-07T08:39:33","slug":"forum","status":"publish","type":"page","link":"https:\/\/www.tolikhlav.cz\/?page_id=54","title":{"rendered":"F\u00f3rum"},"content":{"rendered":"<p>Zde m\u016f\u017eete zanechat vzkaz nebo se pod\u011blit o sv\u00e9 n\u00e1zory<\/p>\n","protected":false},"excerpt":{"rendered":"<p>Zde m\u016f\u017eete zanechat vzkaz nebo se pod\u011blit o sv\u00e9 n\u00e1zory<\/p>\n","protected":false},"author":1,"featured_media":0,"parent":0,"menu_order":0,"comment_status":"open","ping_status":"open","template":"","meta":{"footnotes":""},"class_list":["post-54","page","type-page","status-publish","hentry"],"_links":{"self":[{"href":"https:\/\/www.tolikhlav.cz\/index.php?rest_route=\/wp\/v2\/pages\/54","targetHints":{"allow":["GET"]}}],"collection":[{"href":"https:\/\/www.tolikhlav.cz\/index.php?rest_route=\/wp\/v2\/pages"}],"about":[{"href":"https:\/\/www.tolikhlav.cz\/index.php?rest_route=\/wp\/v2\/types\/page"}],"author":[{"embeddable":true,"href":"https:\/\/www.tolikhlav.cz\/index.php?rest_route=\/wp\/v2\/users\/1"}],"replies":[{"embeddable":true,"href":"https:\/\/www.tolikhlav.cz\/index.php?rest_route=%2Fwp%2Fv2%2Fcomments&post=54"}],"version-history":[{"count":4,"href":"https:\/\/www.tolikhlav.cz\/index.php?rest_route=\/wp\/v2\/pages\/54\/revisions"}],"predecessor-version":[{"id":1268,"href":"https:\/\/www.tolikhlav.cz\/index.php?rest_route=\/wp\/v2\/pages\/54\/revisions\/1268"}],"wp:attachment":[{"href":"https:\/\/www.tolikhlav.cz\/index.php?rest_route=%2Fwp%2Fv2%2Fmedia&parent=54"}],"curies":[{"name":"wp","href":"https:\/\/api.w.org\/{rel}","templated":true}]}}