{"id":90,"date":"2015-03-08T19:15:17","date_gmt":"2015-03-08T19:15:17","guid":{"rendered":"http:\/\/www.tolikhlav.cz\/?page_id=90"},"modified":"2020-09-17T23:55:37","modified_gmt":"2020-09-17T23:55:37","slug":"home","status":"publish","type":"page","link":"https:\/\/www.tolikhlav.cz\/","title":{"rendered":""},"content":{"rendered":"<h1>19.listopadu 2020 od 19:00 v\u00a0Divadle Metro<\/h1>\n<p>P\u0159\u00e1tel\u00e9, s\u00a0velk\u00fdm<span class=\"Apple-converted-space\">\u00a0 <\/span>\u00a0pot\u011b\u0161en\u00edm, V\u00e1m kone\u010dn\u011b m\u016f\u017eeme ozn\u00e1mit term\u00edn p\u0159elo\u017een\u00e9ho, divadeln\u00edho p\u0159edstaven\u00ed<span class=\"Apple-converted-space\">\u00a0 <\/span>Tolik hlav z<b>\u00a011.5. 2020 <\/b>v\u00a0divadle Metro!<span class=\"Apple-converted-space\">\u00a0 <\/span>Zakoupen\u00e9 vstupenky samoz\u0159ejm\u011b plat\u00ed na p\u0159elo\u017een\u00fd term\u00edn : <b>19.listopadu<\/b> <b>2020 <\/b>od 19:00 v\u00a0Divadle Metro (N\u00e1rodn\u00ed 25). V\u00e1m v\u0161em, kte\u0159\u00ed jste ne\u017e\u00e1dali o navr\u00e1cen\u00ed vstupn\u00e9ho za vl\u00e1dou zru\u0161en\u00e9 p\u0159edst\u00e1vko<span class=\"Apple-converted-space\">\u00a0 <\/span><b>11.5. 2020<\/b> moc a moc d\u011bkujeme! Va\u0161e podpora a solidarita pro n\u00e1s v\u00a0t\u011bchto, tak t\u011b\u017ek\u00fdch \u010dasech (nejen)<span class=\"Apple-converted-space\">\u00a0 <\/span>pro kulturu opravdu hodn\u011b znamen\u00e1! No a Vy, kte\u0159\u00ed t\u0159eba jen zva\u017eujete p\u0159\u00edpadnou n\u00e1v\u0161t\u011bvu na\u0161eho divadeln\u00edho p\u0159edstaven\u00ed v\u011bzte,<span class=\"Apple-converted-space\">\u00a0 <\/span>\u017ee zakoupen\u00edm vstupenky podpo\u0159\u00edte nejen na\u0161e p\u0159edn\u00ed, divadeln\u00ed um\u011blce, ale \u017eivou kulturu, jako takovou. <span class=\"Apple-converted-space\">\u00a0 <\/span>Moc se na V\u00e1s v\u0161echny t\u011b\u0161\u00edme a za p\u0159\u00edpadnou podporu je\u0161t\u011b jednou zcela up\u0159\u00edmn\u011b d\u011bkujeme!!! Tolik hlav.<\/p>\n<hr \/>\n<h1 class=\"taFHO sc-bRBYWo dHKzAL\"><span class=\"_1fHNK\">14.10.2018 op\u011bt\u00a0<\/span>v DIVADLE METRO<\/h1>\n<div class=\"su-vimeo su-u-responsive-media-yes\"><iframe loading=\"lazy\" width=\"1600\" height=\"300\" src=\"\/\/player.vimeo.com\/video\/289037877?title=0&amp;byline=0&amp;portrait=0&amp;color=ffffff&amp;autoplay=0&amp;dnt=0&amp;muted=0&amp;texttrack=\" frameborder=\"0\" allow=\"autoplay; fullscreen\" allowfullscreen title=\"\"><\/iframe><\/div>\n<h3 class=\"widget-title\">P\u0159edprodej vstupenek:<strong>14.10.2018 19:00 (Ne)<br \/>\nDivadlo Metro,\u00a0Praha \/\u00a0<a href=\"https:\/\/www.ticketportal.cz\/Event\/TOLIK_HLAV?idp=1329421\" target=\"_blank\" rel=\"noopener noreferrer\">TICKETPORTAL<\/a><\/strong><\/h3>\n<hr \/>\n<h1>\u00a0<b>Tiskov\u00e1 zpr\u00e1va<\/b><b> \u00a0<img loading=\"lazy\" decoding=\"async\" class=\"wp-image-802 alignnone\" src=\"https:\/\/www.tolikhlav.cz\/wp-content\/uploads\/2015\/03\/logo-zakladni-barva-e1479897624321-150x96.png\" alt=\"\" width=\"145\" height=\"92\" \/><\/b><b>\u00a0 \u00a0 \u00a0 \u00a0 \u00a0 \u00a0 \u00a0 \u00a0 \u00a0 \u00a0\u00a0<\/b><b><br \/>\n<\/b><\/h1>\n<p><b><i>\u00dasp\u011b\u0161n\u00e1 divadeln\u00ed hra Kamila St\u0159ihavky <\/i><\/b><b><i>TOLIK HLAV<\/i><\/b><b><i> slav\u00ed dvoulet\u00e9 v\u00fdro\u010d\u00ed<\/i><\/b><\/p>\n<hr \/>\n<p><b><i>\u00a0<img loading=\"lazy\" decoding=\"async\" class=\"wp-image-91 alignleft\" src=\"https:\/\/www.tolikhlav.cz\/wp-content\/uploads\/2015\/03\/home-page-1024x578.jpg\" alt=\"\" width=\"418\" height=\"236\" srcset=\"https:\/\/www.tolikhlav.cz\/wp-content\/uploads\/2015\/03\/home-page-1024x578.jpg 1024w, https:\/\/www.tolikhlav.cz\/wp-content\/uploads\/2015\/03\/home-page-300x169.jpg 300w, https:\/\/www.tolikhlav.cz\/wp-content\/uploads\/2015\/03\/home-page.jpg 1600w\" sizes=\"auto, (max-width: 418px) 100vw, 418px\" \/>Divadeln\u00ed hra Kamila St\u0159ihavky TOLIK HLAV slav\u00ed dva roky od premi\u00e9ry. V\u00fdro\u010dn\u00ed p\u0159edstaven\u00ed mohou div\u00e1ci zhl\u00e9dnout 17. dubna od 19:00 hodin v\u00a0pra\u017esk\u00e9m divadle Metro.<\/i><\/b><\/p>\n<p>Kamil St\u0159ihavka, rockov\u00fd zp\u011bv\u00e1k, p\u0159edstavitel tituln\u00ed role v\u00a0legend\u00e1rn\u00ed rockov\u00e9 ope\u0159e Jesus Christ Superstar, frontman rockov\u00fdch seskupen\u00ed Leaders!, B.S.P. \u010di Supergroup, p\u0159ichystal sv\u00fdm fanou\u0161k\u016fm \u2013 a nejen jim! \u2013 origin\u00e1ln\u00ed p\u0159ekvapen\u00ed. Rozhodl se toti\u017e zrealizovat dal\u0161\u00ed ze sv\u00fdch sn\u016f a p\u0159ich\u00e1z\u00ed s\u00a0divadeln\u00ed prvotinou, kterou je \u010dinohern\u00ed p\u0159edstaven\u00ed <b>TOLIK HLAV<\/b>. Premi\u00e9ra prob\u011bhla 26. dubna 2015 v\u00a0pra\u017esk\u00e9 Bar\u00e1\u010dnick\u00e9 rycht\u011b.<\/p>\n<p>Divadeln\u00ed hra <b>TOLIK HLAV<\/b> je ho\u0159k\u00e1 komedie o p\u0159\u00e1telstv\u00ed, odv\u00e1\u017en\u00fdch snech a l\u00e1sce k\u00a0big beatu na p\u0159elomu 70. A 80. let v\u00a0tehdej\u0161\u00edm \u010ceskoslovensku. \u201eR\u00e1d bych dal p\u0159ivon\u011bt k\u00a0t\u00e9to dob\u011b nejen sou\u010dasn\u00e9 mlad\u00e9 generaci o\u010dima jejich vrstevn\u00edk\u016f, ale i v\u0161em, kte\u0159\u00ed maj\u00ed tato l\u00e9ta je\u0161t\u011b v\u00a0pam\u011bti,\u201c \u0159\u00edk\u00e1 autor.<\/p>\n<p>Nab\u00eddku z\u00fa\u010dastnit se tohoto divadeln\u00edho projektu p\u0159ijali hereck\u00e9 hv\u011bzdy <b>Zdena Hadrbolcov\u00e1<\/b>, <b>Krist\u00fdna Leichtov\u00e1<\/b>, <b>Jan Dolansk\u00fd<\/b> a <b>Jan Zadra\u017eil<\/b>, dopln\u011bn\u00e9 p\u0159ekvapiv\u00fdm slo\u017een\u00edm epizodn\u00edch postav a jemn\u011b propracovanou hudebn\u00ed dramaturgi\u00ed.<\/p>\n<p>Domovskou sc\u00e9nou pro inscenaci <b>TOLIK HLAV<\/b> se stalo od roku 2016 divadlo Metro na N\u00e1rodn\u00ed t\u0159\u00edd\u011b (N\u00e1rodn\u00ed 25, Praha 1). Na divadeln\u00ed h\u0159e se d\u00e1le pod\u00edlej\u00ed: Darina Korandov\u00e1 (asistent re\u017eie), Ivana Sl\u00e1mov\u00e1 (dramaturgie), Michal Hons (produkce), Milan David (sc\u00e9na), Martin Semeck\u00fd (sv\u011bteln\u00fd design), Michal Hons (zvuk, zvukov\u00e1 \u00faprava).<img loading=\"lazy\" decoding=\"async\" class=\"size-medium wp-image-100 alignright\" src=\"https:\/\/www.tolikhlav.cz\/wp-content\/uploads\/2015\/03\/Kamil_web-200x300.jpg\" alt=\"\" width=\"200\" height=\"300\" srcset=\"https:\/\/www.tolikhlav.cz\/wp-content\/uploads\/2015\/03\/Kamil_web-200x300.jpg 200w, https:\/\/www.tolikhlav.cz\/wp-content\/uploads\/2015\/03\/Kamil_web.jpg 1024w\" sizes=\"auto, (max-width: 200px) 100vw, 200px\" \/><\/p>\n<p><b><i>Videopozv\u00e1nka na v\u00fdro\u010dn\u00ed p\u0159edstaven\u00ed: <\/i><\/b><a href=\"https:\/\/youtu.be\/T7qRHq8zjXg\" target=\"_blank\" rel=\"noopener noreferrer\"><b><i>https:\/\/youtu.be\/T7qRHq8zjXg<\/i><\/b><\/a><b><i>\u00a0<\/i><\/b><\/p>\n<p><b><i>Vstupenky lze zakoupit v\u00a0s\u00edti TICKETPORTAL.<\/i><\/b><\/p>\n<p><b><i>\u00a0<\/i><\/b><b><i>Odkaz<\/i><\/b><i>:<\/i><b><i> <\/i><\/b><a href=\"https:\/\/www.ticketportal.cz\/performance.aspx?idp=1315267\" target=\"_blank\" rel=\"noopener noreferrer\"><b><i>http:\/\/www.ticketportal.cz\/performance.aspx?idp=1315267<\/i><\/b><\/a><\/p>\n<p><b><i>Ofici\u00e1ln\u00ed webov\u00e1 prezentace: \u00a0 <\/i><\/b><a href=\"https:\/\/www.tolikhlav.cz\"><b><i>www.tolikhlav.cz<\/i><\/b><\/a><\/p>\n<p><a href=\"http:\/\/www.facebook.com\/tolikhlav\" target=\"_blank\" rel=\"noopener noreferrer\"><img loading=\"lazy\" decoding=\"async\" class=\"alignnone wp-image-967\" src=\"https:\/\/www.tolikhlav.cz\/wp-content\/uploads\/2015\/03\/Screenshot-2017-03-21-21.19.17.png\" alt=\"\" width=\"144\" height=\"50\" \/><\/a><\/p>\n<p><b><i><a href=\"http:\/\/www.facebook.com\/tolikhlav\" target=\"_blank\" rel=\"noopener noreferrer\">www.facebook.com\/tolikhlav<\/a><\/i><\/b><\/p>\n<hr \/>\n<h2 style=\"text-align: center;\">Od z\u00e1\u0159\u00ed 2016 v DIVADLE METRO!!!<a href=\"http:\/\/www.divadlometro.cz\" target=\"_blank\" rel=\"noopener noreferrer\"><img loading=\"lazy\" decoding=\"async\" class=\"aligncenter wp-image-717 size-medium\" src=\"https:\/\/www.tolikhlav.cz\/wp-content\/uploads\/2015\/03\/logo_mdm-300x300.png\" alt=\"logo_mdm\" width=\"300\" height=\"300\" srcset=\"https:\/\/www.tolikhlav.cz\/wp-content\/uploads\/2015\/03\/logo_mdm-300x300.png 300w, https:\/\/www.tolikhlav.cz\/wp-content\/uploads\/2015\/03\/logo_mdm-150x150.png 150w, https:\/\/www.tolikhlav.cz\/wp-content\/uploads\/2015\/03\/logo_mdm-768x768.png 768w, https:\/\/www.tolikhlav.cz\/wp-content\/uploads\/2015\/03\/logo_mdm.png 886w\" sizes=\"auto, (max-width: 300px) 100vw, 300px\" \/><\/a><\/h2>\n<p><center><a href=\"https:\/\/www.tolikhlav.cz\/?page_id=2 \"><img loading=\"lazy\" decoding=\"async\" class=\"wp-image-91 aligncenter\" src=\"https:\/\/www.tolikhlav.cz\/wp-content\/uploads\/2015\/03\/home-page.jpg\" alt=\"home-page\" width=\"848\" height=\"479\" srcset=\"https:\/\/www.tolikhlav.cz\/wp-content\/uploads\/2015\/03\/home-page.jpg 1600w, https:\/\/www.tolikhlav.cz\/wp-content\/uploads\/2015\/03\/home-page-300x169.jpg 300w, https:\/\/www.tolikhlav.cz\/wp-content\/uploads\/2015\/03\/home-page-1024x578.jpg 1024w\" sizes=\"auto, (max-width: 848px) 100vw, 848px\" \/><\/a><\/center><center><\/center><center><\/center><br \/>\n<img loading=\"lazy\" decoding=\"async\" class=\"aligncenter wp-image-900\" src=\"https:\/\/www.tolikhlav.cz\/wp-content\/uploads\/2015\/03\/misikV5-3-300x70.png\" alt=\"\" width=\"534\" height=\"177\" \/><\/p>\n","protected":false},"excerpt":{"rendered":"<p>19.listopadu 2020 od 19:00 v\u00a0Divadle Metro P\u0159\u00e1tel\u00e9, s\u00a0velk\u00fdm\u00a0 \u00a0pot\u011b\u0161en\u00edm, V\u00e1m kone\u010dn\u011b m\u016f\u017eeme ozn\u00e1mit term\u00edn p\u0159elo\u017een\u00e9ho, divadeln\u00edho p\u0159edstaven\u00ed\u00a0 Tolik hlav z\u00a011.5. 2020 v\u00a0divadle Metro!\u00a0 Zakoupen\u00e9 vstupenky samoz\u0159ejm\u011b plat\u00ed na p\u0159elo\u017een\u00fd term\u00edn : 19.listopadu 2020 od 19:00 v\u00a0Divadle Metro (N\u00e1rodn\u00ed 25). V\u00e1m v\u0161em, kte\u0159\u00ed jste ne\u017e\u00e1dali o navr\u00e1cen\u00ed vstupn\u00e9ho za vl\u00e1dou zru\u0161en\u00e9 p\u0159edst\u00e1vko\u00a0 11.5. 2020 moc a &hellip; <a href=\"https:\/\/www.tolikhlav.cz\/\" class=\"more-link\">Pokra\u010dov\u00e1n\u00ed textu <span class=\"screen-reader-text\"><\/span> <span class=\"meta-nav\">&rarr;<\/span><\/a><\/p>\n","protected":false},"author":1,"featured_media":0,"parent":0,"menu_order":0,"comment_status":"closed","ping_status":"closed","template":"","meta":{"footnotes":""},"class_list":["post-90","page","type-page","status-publish","hentry"],"_links":{"self":[{"href":"https:\/\/www.tolikhlav.cz\/index.php?rest_route=\/wp\/v2\/pages\/90","targetHints":{"allow":["GET"]}}],"collection":[{"href":"https:\/\/www.tolikhlav.cz\/index.php?rest_route=\/wp\/v2\/pages"}],"about":[{"href":"https:\/\/www.tolikhlav.cz\/index.php?rest_route=\/wp\/v2\/types\/page"}],"author":[{"embeddable":true,"href":"https:\/\/www.tolikhlav.cz\/index.php?rest_route=\/wp\/v2\/users\/1"}],"replies":[{"embeddable":true,"href":"https:\/\/www.tolikhlav.cz\/index.php?rest_route=%2Fwp%2Fv2%2Fcomments&post=90"}],"version-history":[{"count":142,"href":"https:\/\/www.tolikhlav.cz\/index.php?rest_route=\/wp\/v2\/pages\/90\/revisions"}],"predecessor-version":[{"id":1312,"href":"https:\/\/www.tolikhlav.cz\/index.php?rest_route=\/wp\/v2\/pages\/90\/revisions\/1312"}],"wp:attachment":[{"href":"https:\/\/www.tolikhlav.cz\/index.php?rest_route=%2Fwp%2Fv2%2Fmedia&parent=90"}],"curies":[{"name":"wp","href":"https:\/\/api.w.org\/{rel}","templated":true}]}}